{"id":1017,"date":"2022-08-24T08:55:33","date_gmt":"2022-08-24T08:55:33","guid":{"rendered":"https:\/\/wallpach.web11.mehrdafon.com\/?page_id=1017"},"modified":"2024-04-18T08:01:10","modified_gmt":"2024-04-18T08:01:10","slug":"zink-druckguss","status":"publish","type":"page","link":"https:\/\/www.wallpach.at\/en\/zink-druckguss\/","title":{"rendered":"Zink-Druckguss"},"content":{"rendered":"<div class=\"row wpb_row row-fluid no-row-padding full-width-row no-column-padding thb-overlay-enabled vc_custom_1713361044913 row-has-fill row-o-content-middle row-flex\"><div class=\"wpb_column columns medium-12 thb-light-column small-12\"><div class=\"vc_column-inner\"><div class=\"wpb_wrapper\"><\/div><\/div><\/div><div id=\"thb-row-overlay-69fa0d4bb068b\" class=\"thb-row-overlay\"><\/div><style>\n  \t#thb-row-overlay-69fa0d4bb068b {background:rgba(0,0,0,0.45);background:linear-gradient( -135deg,rgba(0,0,0,0.45),rgba(0,0,0,0.45) ); }<\/style><\/div><div class=\"row wpb_row row-fluid mobile-col full-width-row vc_custom_1677365491454 row-has-fill\"><div class=\"wpb_column columns medium-12 thb-dark-column small-12\"><div class=\"vc_column-inner\"><div class=\"wpb_wrapper\"><div class=\"vc_empty_space\" id=\"thb-empty-space-69fa0d4bb1b60\" style=\"height: 50px\" ><span class=\"vc_empty_space_inner\"><\/span><\/div>\n\n\t<div class=\"wpb_text_column wpb_content_element animation bottom-to-top  vc_custom_1712756305022\" >\n\t\t<div class=\"wpb_wrapper\">\n\t\t\t<h1 style=\"text-align: center;\">Innovative Zink-Druckguss Technologie<\/h1>\n\n\t\t<\/div>\n\t<\/div>\n<div class=\"vc_empty_space\" id=\"thb-empty-space-69fa0d4bb1ecf\" style=\"height: 20px\" ><span class=\"vc_empty_space_inner\"><\/span><\/div>\n\n\t<div class=\"wpb_text_column wpb_content_element animation fade-in\" >\n\t\t<div class=\"wpb_wrapper\">\n\t\t\t<p>Die Zink-Druckguss Technologie nimmt bei Wallpach einen besonderen Stellenwert ein und ist ein fester Bestandteil unserer Produktionsgeschichte. Urspr\u00fcnglich vorrangig f\u00fcr die Herstellung von Metallkn\u00f6pfen entwickelt, haben wir schnell das Potenzial dieser Technik f\u00fcr die Fertigung hochwertiger und pr\u00e4ziser Gussteile f\u00fcr technische Anwendungen erkannt.<\/p>\n<p>Dank des tiefgreifenden Know-hows unseres Teams im hauseigenen Werkzeug- und Formenbau, bieten wir nicht nur eine kontinuierliche Wartung der Werkzeuge, sondern auch effiziente Instandsetzungen bei Optimierungsbedarf. Dieses jahrzehntelange Fachwissen erm\u00f6glicht es uns, selbst komplexe Herausforderungen in der Zink-Druckgussfertigung mit h\u00f6chster Pr\u00e4zision und Qualit\u00e4t zu meistern.<\/p>\n<p><strong>Warum Wallpach f\u00fcr Ihre Zink-Druckgussteile?<\/strong><\/p>\n<ul>\n<li><strong>Erfahrung und Tradition:<\/strong> Unser Fachwissen in der Zink-Druckguss Technologie ist tief in der Unternehmensgeschichte verwurzelt und wird stetig weiterentwickelt.<\/li>\n<li><strong>Pr\u00e4zision in der Fertigung:<\/strong> Wir produzieren hochwertige Gussteile, die selbst den anspruchsvollsten technischen Anforderungen gerecht werden.<\/li>\n<li><strong>Schnelligkeit und Flexibilit\u00e4t:<\/strong> Unsere Experten im Werkzeug- und Formenbau garantieren schnelle Reaktionszeiten bei Wartung und Optimierung.<\/li>\n<li><strong>Breites Anwendungsspektrum:<\/strong> Von der urspr\u00fcnglichen Produktion von Metallkn\u00f6pfen bis hin zu komplexen technischen Gussteilen \u2013 unsere Technologie ist vielseitig einsetzbar.<\/li>\n<\/ul>\n<p>Bei Wallpach verbinden wir traditionelle Werte mit innovativer Technologie, um Ihnen L\u00f6sungen zu bieten, die Ihre Erwartungen nicht nur erf\u00fcllen, sondern \u00fcbertreffen. Vertrauen Sie auf unser Know-how in der Zink-Druckguss Technologie f\u00fcr Teile, die in Qualit\u00e4t, Pr\u00e4zision und Leistungsf\u00e4higkeit ihresgleichen suchen.<\/p>\n\n\t\t<\/div>\n\t<\/div>\n<\/div><\/div><\/div><\/div><div class=\"row wpb_row row-fluid no-row-padding full-width-row no-column-padding vc_custom_1660052224889 row-has-fill\"><div class=\"wpb_column columns medium-12 thb-dark-column small-12\"><div class=\"vc_column-inner\"><div class=\"wpb_wrapper\">\t<div id=\"thb-freescroll-942\" class=\"thb-freescroll  mini-padding thb-adaptive-height thb-freescroll-images\" data-direction=\"thb-right-to-left\" data-pause=\"\">\n\t\t\n\t\t\t\t\t<figure class=\"small-12 thb-5 columns\">\n\t\t\t\t\t\t\t\t\t\t<img loading=\"lazy\" decoding=\"async\" width=\"255\" height=\"436\" src=\"https:\/\/www.wallpach.at\/wp-content\/uploads\/2022\/08\/zinkdruchguss2.png\" class=\"\" alt=\"\" srcset=\"https:\/\/www.wallpach.at\/wp-content\/uploads\/2022\/08\/zinkdruchguss2.png 255w, https:\/\/www.wallpach.at\/wp-content\/uploads\/2022\/08\/zinkdruchguss2-175x300.png 175w, https:\/\/www.wallpach.at\/wp-content\/uploads\/2022\/08\/zinkdruchguss2-7x12.png 7w, https:\/\/www.wallpach.at\/wp-content\/uploads\/2022\/08\/zinkdruchguss2-190x325.png 190w, https:\/\/www.wallpach.at\/wp-content\/uploads\/2022\/08\/zinkdruchguss2-20x34.png 20w\" sizes=\"auto, (max-width: 255px) 100vw, 255px\" \/>\t\t\t\t\t\t\t\t\t\t<\/figure>\n\t\t\t\t\n\t\t\t\t\t<figure class=\"small-12 thb-5 columns\">\n\t\t\t\t\t\t\t\t\t\t<img loading=\"lazy\" decoding=\"async\" width=\"255\" height=\"436\" src=\"https:\/\/www.wallpach.at\/wp-content\/uploads\/2022\/08\/zinkdruchguss1.png\" class=\"\" alt=\"\" srcset=\"https:\/\/www.wallpach.at\/wp-content\/uploads\/2022\/08\/zinkdruchguss1.png 255w, https:\/\/www.wallpach.at\/wp-content\/uploads\/2022\/08\/zinkdruchguss1-175x300.png 175w, https:\/\/www.wallpach.at\/wp-content\/uploads\/2022\/08\/zinkdruchguss1-7x12.png 7w, https:\/\/www.wallpach.at\/wp-content\/uploads\/2022\/08\/zinkdruchguss1-190x325.png 190w, https:\/\/www.wallpach.at\/wp-content\/uploads\/2022\/08\/zinkdruchguss1-20x34.png 20w\" sizes=\"auto, (max-width: 255px) 100vw, 255px\" \/>\t\t\t\t\t\t\t\t\t\t<\/figure>\n\t\t\t\t\t<\/div>\n\t<\/div><\/div><\/div><\/div><div class=\"row wpb_row row-fluid align-center text-center vc_custom_1656841364224\"><div class=\"wpb_column columns medium-12 large-7 medium-10 thb-dark-column small-12\"><div class=\"vc_column-inner\"><div class=\"wpb_wrapper\">\n\t<div class=\"wpb_text_column wpb_content_element animation bottom-to-top\" >\n\t\t<div class=\"wpb_wrapper\">\n\t\t\t<h1>Wir sind f\u00fcr Sie da<\/h1>\n\n\t\t<\/div>\n\t<\/div>\n\n\t<div class=\"wpb_text_column wpb_content_element animation bottom-to-top\" >\n\t\t<div class=\"wpb_wrapper\">\n\t\t\t<p>Sie ben\u00f6tigen mehr Informationen? Sie haben eine Frage? Sie m\u00f6chten ein individuelles Angebot? Dann melden Sie sich doch telefonisch, per Mail oder nutzen Sie gleich unser praktisches Anfrageformular, ich berate Sie gerne.<\/p>\n\n\t\t<\/div>\n\t<\/div>\n<\/div><\/div><\/div><\/div><div class=\"row wpb_row row-fluid align-center text-center vc_custom_1656841364224\"><div class=\"wpb_column columns medium-12 large-12 medium-12 thb-dark-column small-12\"><div class=\"vc_column-inner\"><div class=\"wpb_wrapper\">\t<div id=\"thb-team-498\" class=\"thb-team-row team-light\">\n\t\t<div class=\"row style1 regular-padding\" data-columns=\"large-4\" data-pagination=\"true\" data-autoplay=\"\" data-autoplay-speed=\"4000\">\n\t\t\t\t<div class=\"thb-team-member small-12 large-4 animation bottom-to-top-3d columns member_style3\">\n\t\t<div class=\"team-container\">\n\t\t\t<img loading=\"lazy\" decoding=\"async\" width=\"332\" height=\"324\" src=\"https:\/\/www.wallpach.at\/wp-content\/uploads\/2022\/08\/g_rettenbacher.jpg\" class=\"attachment-full\" alt=\"\" title=\"g_rettenbacher\" \/>\t\t\t\t\t\t<div class=\"team-information\">\n\t\t\t\t\t\t\t\t\t<div class=\"team-title\">\n\t\t\t\t\t\t\t\t\t\t\t\t<h6 class=\"member-title\">Gerhard Rettenbacher<\/h6>\n\t\t\t\t\t\t<p class=\"job-title\">Technischer Vertrieb<\/p>\n\t\t\t\t\t\t\t\t\t\t\t<\/div>\n\t\t\t\t\t\t\t\t\t\t\t\t<div class=\"info-container\">\n\t\t\t\t\t\t\t\t\t\t\t\t<div class=\"thb-description\"><a href=\"tel:+43 6244436015\">+43 6244 436015<\/a> oder <br \/>\n<a href=\"tel:+43 6642285688\">+43 664 2285688<\/a><br \/>\n<a href=\"mailto:gerhard.rettenbacher@wallpach.at\">gerhard.rettenbacher@wallpach.at<\/a><\/div>\n\t\t\t\t\t\t\t\t\t\t\t\t\t\t\t\t\t\t\t\t\t\t\t\t\t<\/div>\n\t\t\t\t\t\t\t\t\t\t\t<\/div>\n\t\t\t\t\t<\/div>\n\t\t\t\t\t<\/div>\n\t\t\t<\/div>\n\t<\/div>\n\t<style>\n\t\t\t\t#thb-team-498 .thb-team-member:not(.member_style5) .team-information {\n\t\t\tbackground:rgba(10,10,10,0.95);background:linear-gradient( -135deg,rgba(10,10,10,0.95),rgba(10,10,10,0.95) );\t\t}\n\t\t#thb-team-498 .thb-team-member.member_style5 .team-information-hover {\n\t\t\tbackground:rgba(10,10,10,0.95);background:linear-gradient( -135deg,rgba(10,10,10,0.95),rgba(10,10,10,0.95) );\t\t}\n\t\t\t\t\t\t#thb-team-498 .member_style3:hover .team-container {\n\t\t\tbox-shadow: 0 10px 40px #ffffff;\n\t\t}\n\t\t\t<\/style>\n\t<\/div><\/div><\/div><\/div>","protected":false},"excerpt":{"rendered":"Innovative Zink-Druckguss Technologie Die Zink-Druckguss Technologie nimmt bei Wallpach einen besonderen Stellenwert ein und ist ein fester Bestandteil unserer Produktionsgeschichte. Urspr\u00fcnglich vorrangig f\u00fcr die Herstellung von Metallkn\u00f6pfen entwickelt, haben wir schnell das Potenzial dieser Technik f\u00fcr die Fertigung hochwertiger und pr\u00e4ziser Gussteile f\u00fcr technische Anwendungen erkannt. Dank des tiefgreifenden Know-hows unseres Teams im hauseigenen Werkzeug-&hellip;","protected":false},"author":2,"featured_media":0,"parent":0,"menu_order":0,"comment_status":"closed","ping_status":"closed","template":"","meta":{"footnotes":""},"class_list":["post-1017","page","type-page","status-publish","hentry"],"yoast_head":"<!-- This site is optimized with the Yoast SEO plugin v24.7 - https:\/\/yoast.com\/wordpress\/plugins\/seo\/ -->\n<title>Wallpach | Zink-Druckguss. Pr\u00e4ziser Formenbau.<\/title>\n<meta name=\"description\" content=\"Hochwertige, pr\u00e4zise Gussteile in \u00f6sterreichischer Produktion aus Metall gefertigt, von hauseigenem Formenbau. Salzburger Land Qualit\u00e4t.\" \/>\n<meta name=\"robots\" content=\"index, follow, max-snippet:-1, max-image-preview:large, max-video-preview:-1\" \/>\n<link rel=\"canonical\" href=\"https:\/\/www.wallpach.at\/en\/zink-druckguss\/\" \/>\n<meta property=\"og:locale\" content=\"en_US\" \/>\n<meta property=\"og:type\" content=\"article\" \/>\n<meta property=\"og:title\" content=\"Wallpach | Zink-Druckguss. Pr\u00e4ziser Formenbau.\" \/>\n<meta property=\"og:description\" content=\"Hochwertige, pr\u00e4zise Gussteile in \u00f6sterreichischer Produktion aus Metall gefertigt, von hauseigenem Formenbau. Salzburger Land Qualit\u00e4t.\" \/>\n<meta property=\"og:url\" content=\"https:\/\/www.wallpach.at\/en\/zink-druckguss\/\" \/>\n<meta property=\"og:site_name\" content=\"Wallpach\" \/>\n<meta property=\"article:modified_time\" content=\"2024-04-18T08:01:10+00:00\" \/>\n<meta name=\"twitter:card\" content=\"summary_large_image\" \/>\n<meta name=\"twitter:label1\" content=\"Est. reading time\" \/>\n\t<meta name=\"twitter:data1\" content=\"2 minutes\" \/>\n<script type=\"application\/ld+json\" class=\"yoast-schema-graph\">{\"@context\":\"https:\/\/schema.org\",\"@graph\":[{\"@type\":\"WebPage\",\"@id\":\"https:\/\/www.wallpach.at\/zink-druckguss\/\",\"url\":\"https:\/\/www.wallpach.at\/zink-druckguss\/\",\"name\":\"Wallpach | Zink-Druckguss. Pr\u00e4ziser Formenbau.\",\"isPartOf\":{\"@id\":\"https:\/\/www.wallpach.at\/#website\"},\"datePublished\":\"2022-08-24T08:55:33+00:00\",\"dateModified\":\"2024-04-18T08:01:10+00:00\",\"description\":\"Hochwertige, pr\u00e4zise Gussteile in \u00f6sterreichischer Produktion aus Metall gefertigt, von hauseigenem Formenbau. Salzburger Land Qualit\u00e4t.\",\"breadcrumb\":{\"@id\":\"https:\/\/www.wallpach.at\/zink-druckguss\/#breadcrumb\"},\"inLanguage\":\"en-US\",\"potentialAction\":[{\"@type\":\"ReadAction\",\"target\":[\"https:\/\/www.wallpach.at\/zink-druckguss\/\"]}]},{\"@type\":\"BreadcrumbList\",\"@id\":\"https:\/\/www.wallpach.at\/zink-druckguss\/#breadcrumb\",\"itemListElement\":[{\"@type\":\"ListItem\",\"position\":1,\"name\":\"Startseite\",\"item\":\"https:\/\/www.wallpach.at\/\"},{\"@type\":\"ListItem\",\"position\":2,\"name\":\"Zink-Druckguss\"}]},{\"@type\":\"WebSite\",\"@id\":\"https:\/\/www.wallpach.at\/#website\",\"url\":\"https:\/\/www.wallpach.at\/\",\"name\":\"Wallpach\",\"description\":\"\",\"potentialAction\":[{\"@type\":\"SearchAction\",\"target\":{\"@type\":\"EntryPoint\",\"urlTemplate\":\"https:\/\/www.wallpach.at\/?s={search_term_string}\"},\"query-input\":{\"@type\":\"PropertyValueSpecification\",\"valueRequired\":true,\"valueName\":\"search_term_string\"}}],\"inLanguage\":\"en-US\"}]}<\/script>\n<!-- \/ Yoast SEO plugin. -->","yoast_head_json":{"title":"Wallpach | Zink-Druckguss. Pr\u00e4ziser Formenbau.","description":"Hochwertige, pr\u00e4zise Gussteile in \u00f6sterreichischer Produktion aus Metall gefertigt, von hauseigenem Formenbau. Salzburger Land Qualit\u00e4t.","robots":{"index":"index","follow":"follow","max-snippet":"max-snippet:-1","max-image-preview":"max-image-preview:large","max-video-preview":"max-video-preview:-1"},"canonical":"https:\/\/www.wallpach.at\/en\/zink-druckguss\/","og_locale":"en_US","og_type":"article","og_title":"Wallpach | Zink-Druckguss. Pr\u00e4ziser Formenbau.","og_description":"Hochwertige, pr\u00e4zise Gussteile in \u00f6sterreichischer Produktion aus Metall gefertigt, von hauseigenem Formenbau. Salzburger Land Qualit\u00e4t.","og_url":"https:\/\/www.wallpach.at\/en\/zink-druckguss\/","og_site_name":"Wallpach","article_modified_time":"2024-04-18T08:01:10+00:00","twitter_card":"summary_large_image","twitter_misc":{"Est. reading time":"2 minutes"},"schema":{"@context":"https:\/\/schema.org","@graph":[{"@type":"WebPage","@id":"https:\/\/www.wallpach.at\/zink-druckguss\/","url":"https:\/\/www.wallpach.at\/zink-druckguss\/","name":"Wallpach | Zink-Druckguss. Pr\u00e4ziser Formenbau.","isPartOf":{"@id":"https:\/\/www.wallpach.at\/#website"},"datePublished":"2022-08-24T08:55:33+00:00","dateModified":"2024-04-18T08:01:10+00:00","description":"Hochwertige, pr\u00e4zise Gussteile in \u00f6sterreichischer Produktion aus Metall gefertigt, von hauseigenem Formenbau. Salzburger Land Qualit\u00e4t.","breadcrumb":{"@id":"https:\/\/www.wallpach.at\/zink-druckguss\/#breadcrumb"},"inLanguage":"en-US","potentialAction":[{"@type":"ReadAction","target":["https:\/\/www.wallpach.at\/zink-druckguss\/"]}]},{"@type":"BreadcrumbList","@id":"https:\/\/www.wallpach.at\/zink-druckguss\/#breadcrumb","itemListElement":[{"@type":"ListItem","position":1,"name":"Startseite","item":"https:\/\/www.wallpach.at\/"},{"@type":"ListItem","position":2,"name":"Zink-Druckguss"}]},{"@type":"WebSite","@id":"https:\/\/www.wallpach.at\/#website","url":"https:\/\/www.wallpach.at\/","name":"Wallpach","description":"","potentialAction":[{"@type":"SearchAction","target":{"@type":"EntryPoint","urlTemplate":"https:\/\/www.wallpach.at\/?s={search_term_string}"},"query-input":{"@type":"PropertyValueSpecification","valueRequired":true,"valueName":"search_term_string"}}],"inLanguage":"en-US"}]}},"_links":{"self":[{"href":"https:\/\/www.wallpach.at\/en\/wp-json\/wp\/v2\/pages\/1017","targetHints":{"allow":["GET"]}}],"collection":[{"href":"https:\/\/www.wallpach.at\/en\/wp-json\/wp\/v2\/pages"}],"about":[{"href":"https:\/\/www.wallpach.at\/en\/wp-json\/wp\/v2\/types\/page"}],"author":[{"embeddable":true,"href":"https:\/\/www.wallpach.at\/en\/wp-json\/wp\/v2\/users\/2"}],"replies":[{"embeddable":true,"href":"https:\/\/www.wallpach.at\/en\/wp-json\/wp\/v2\/comments?post=1017"}],"version-history":[{"count":29,"href":"https:\/\/www.wallpach.at\/en\/wp-json\/wp\/v2\/pages\/1017\/revisions"}],"predecessor-version":[{"id":2206,"href":"https:\/\/www.wallpach.at\/en\/wp-json\/wp\/v2\/pages\/1017\/revisions\/2206"}],"wp:attachment":[{"href":"https:\/\/www.wallpach.at\/en\/wp-json\/wp\/v2\/media?parent=1017"}],"curies":[{"name":"wp","href":"https:\/\/api.w.org\/{rel}","templated":true}]}}