{"id":1019,"date":"2022-08-24T08:56:04","date_gmt":"2022-08-24T08:56:04","guid":{"rendered":"https:\/\/wallpach.web11.mehrdafon.com\/?page_id=1019"},"modified":"2024-04-18T07:58:13","modified_gmt":"2024-04-18T07:58:13","slug":"schleuderguss","status":"publish","type":"page","link":"https:\/\/www.wallpach.at\/en\/schleuderguss\/","title":{"rendered":"Schleuderguss"},"content":{"rendered":"<div class=\"row wpb_row row-fluid no-row-padding full-width-row no-column-padding thb-overlay-enabled vc_custom_1713360622872 row-has-fill row-o-content-middle row-flex\"><div class=\"wpb_column columns medium-12 thb-light-column small-12\"><div class=\"vc_column-inner\"><div class=\"wpb_wrapper\"><\/div><\/div><\/div><div id=\"thb-row-overlay-69fa0c1adbd5b\" class=\"thb-row-overlay\"><\/div><style>\n  \t#thb-row-overlay-69fa0c1adbd5b {background:rgba(0,0,0,0.45);background:linear-gradient( -135deg,rgba(0,0,0,0.45),rgba(0,0,0,0.45) ); }<\/style><\/div><div class=\"row wpb_row row-fluid mobile-col full-width-row vc_custom_1677365547350 row-has-fill\"><div class=\"wpb_column columns medium-12 thb-dark-column small-12\"><div class=\"vc_column-inner\"><div class=\"wpb_wrapper\"><div class=\"vc_empty_space\" id=\"thb-empty-space-69fa0c1adc61d\" style=\"height: 50px\" ><span class=\"vc_empty_space_inner\"><\/span><\/div>\n\n\t<div class=\"wpb_text_column wpb_content_element animation bottom-to-top  vc_custom_1661182731072\" >\n\t\t<div class=\"wpb_wrapper\">\n\t\t\t<h1 style=\"text-align: center;\">Schleuderguss<\/h1>\n\n\t\t<\/div>\n\t<\/div>\n<div class=\"vc_empty_space\" id=\"thb-empty-space-69fa0c1adc9d8\" style=\"height: 20px\" ><span class=\"vc_empty_space_inner\"><\/span><\/div>\n\n\t<div class=\"wpb_text_column wpb_content_element animation fade-in\" >\n\t\t<div class=\"wpb_wrapper\">\n\t\t\t<p>Beim Schleudergussverfahren wird die Teileform in eine Kautschukform eingesenkt. Mittels Zentrifugalkraft wird eine fl\u00fcssige Zinnlegierung in die Form eingegossen. Nach dem Abk\u00fchlen wird noch der Anguss abgetrennt und das Teil kann z. B. oberfl\u00e4chenveredelt werden.<\/p>\n<p>Neben der Produktion von Kn\u00f6pfen und Schlie\u00dfen, Broschen und Abzeichen eignet sich dieses Verfahren aufgrund der geringen Formkosten und Schnelligkeit besonders f\u00fcr Kleinserien oder auch f\u00fcr die Prototypenfertigung.<\/p>\n<p><b>Das Wichtigste im \u00dcberblick:<b><\/b><\/b><\/p>\n<ul>\n<li style=\"list-style-type: none;\">\n<ul>\n<li>Kosteng\u00fcnstig<\/li>\n<li>Schnell<\/li>\n<li>Vervielf\u00e4ltigung bestehender Muster<\/li>\n<\/ul>\n<\/li>\n<\/ul>\n\n\t\t<\/div>\n\t<\/div>\n<\/div><\/div><\/div><\/div><div class=\"row wpb_row row-fluid no-row-padding full-width-row no-column-padding vc_custom_1660052224889 row-has-fill\"><div class=\"wpb_column columns medium-12 thb-dark-column small-12\"><div class=\"vc_column-inner\"><div class=\"wpb_wrapper\">\t<div id=\"thb-freescroll-682\" class=\"thb-freescroll  regular-padding thb-adaptive-height thb-freescroll-images\" data-direction=\"thb-right-to-left\" data-pause=\"\">\n\t\t\n\t\t\t\t\t<figure class=\"small-12 medium-3 columns\">\n\t\t\t\t\t\t\t\t\t\t<img loading=\"lazy\" decoding=\"async\" width=\"255\" height=\"436\" src=\"https:\/\/www.wallpach.at\/wp-content\/uploads\/2022\/08\/schleuderguss.png\" class=\"\" alt=\"\" srcset=\"https:\/\/www.wallpach.at\/wp-content\/uploads\/2022\/08\/schleuderguss.png 255w, https:\/\/www.wallpach.at\/wp-content\/uploads\/2022\/08\/schleuderguss-175x300.png 175w, https:\/\/www.wallpach.at\/wp-content\/uploads\/2022\/08\/schleuderguss-7x12.png 7w, https:\/\/www.wallpach.at\/wp-content\/uploads\/2022\/08\/schleuderguss-190x325.png 190w, https:\/\/www.wallpach.at\/wp-content\/uploads\/2022\/08\/schleuderguss-20x34.png 20w\" sizes=\"auto, (max-width: 255px) 100vw, 255px\" \/>\t\t\t\t\t\t\t\t\t\t<\/figure>\n\t\t\t\t\n\t\t\t\t\t<figure class=\"small-12 medium-3 columns\">\n\t\t\t\t\t\t\t\t\t\t<img loading=\"lazy\" decoding=\"async\" width=\"255\" height=\"436\" src=\"https:\/\/www.wallpach.at\/wp-content\/uploads\/2022\/10\/schleuderguss3.jpg\" class=\"\" alt=\"firma wallpach schleuderguss individuell\" srcset=\"https:\/\/www.wallpach.at\/wp-content\/uploads\/2022\/10\/schleuderguss3.jpg 255w, https:\/\/www.wallpach.at\/wp-content\/uploads\/2022\/10\/schleuderguss3-175x300.jpg 175w, https:\/\/www.wallpach.at\/wp-content\/uploads\/2022\/10\/schleuderguss3-7x12.jpg 7w, https:\/\/www.wallpach.at\/wp-content\/uploads\/2022\/10\/schleuderguss3-190x325.jpg 190w, https:\/\/www.wallpach.at\/wp-content\/uploads\/2022\/10\/schleuderguss3-20x34.jpg 20w\" sizes=\"auto, (max-width: 255px) 100vw, 255px\" \/>\t\t\t\t\t\t\t\t\t\t<\/figure>\n\t\t\t\t\n\t\t\t\t\t<figure class=\"small-12 medium-3 columns\">\n\t\t\t\t\t\t\t\t\t\t<img loading=\"lazy\" decoding=\"async\" width=\"255\" height=\"436\" src=\"https:\/\/www.wallpach.at\/wp-content\/uploads\/2022\/10\/schleuderguss2.jpg\" class=\"\" alt=\"schleuderguss maschine\" srcset=\"https:\/\/www.wallpach.at\/wp-content\/uploads\/2022\/10\/schleuderguss2.jpg 255w, https:\/\/www.wallpach.at\/wp-content\/uploads\/2022\/10\/schleuderguss2-175x300.jpg 175w, https:\/\/www.wallpach.at\/wp-content\/uploads\/2022\/10\/schleuderguss2-7x12.jpg 7w, https:\/\/www.wallpach.at\/wp-content\/uploads\/2022\/10\/schleuderguss2-190x325.jpg 190w, https:\/\/www.wallpach.at\/wp-content\/uploads\/2022\/10\/schleuderguss2-20x34.jpg 20w\" sizes=\"auto, (max-width: 255px) 100vw, 255px\" \/>\t\t\t\t\t\t\t\t\t\t<\/figure>\n\t\t\t\t\t<\/div>\n\t<\/div><\/div><\/div><\/div><div class=\"row wpb_row row-fluid align-center text-center vc_custom_1656841364224\"><div class=\"wpb_column columns medium-12 large-7 medium-10 thb-dark-column small-12\"><div class=\"vc_column-inner\"><div class=\"wpb_wrapper\">\n\t<div class=\"wpb_text_column wpb_content_element animation bottom-to-top\" >\n\t\t<div class=\"wpb_wrapper\">\n\t\t\t<h1>Wir sind f\u00fcr Sie da<\/h1>\n\n\t\t<\/div>\n\t<\/div>\n\n\t<div class=\"wpb_text_column wpb_content_element animation bottom-to-top\" >\n\t\t<div class=\"wpb_wrapper\">\n\t\t\t<p>Sie ben\u00f6tigen mehr Informationen? Sie haben eine Frage? Sie m\u00f6chten ein individuelles Angebot? Dann melden Sie sich doch telefonisch, per Mail oder nutzen Sie gleich unser praktisches Anfrageformular, ich berate Sie gerne.<\/p>\n\n\t\t<\/div>\n\t<\/div>\n<\/div><\/div><\/div><\/div><div class=\"row wpb_row row-fluid align-center text-center vc_custom_1656841364224\"><div class=\"wpb_column columns medium-12 large-12 medium-12 thb-dark-column small-12\"><div class=\"vc_column-inner\"><div class=\"wpb_wrapper\">\t<div id=\"thb-team-342\" class=\"thb-team-row team-light\">\n\t\t<div class=\"row style1 regular-padding\" data-columns=\"large-4\" data-pagination=\"true\" data-autoplay=\"\" data-autoplay-speed=\"4000\">\n\t\t\t\t<div class=\"thb-team-member small-12 large-4 animation bottom-to-top-3d columns member_style3\">\n\t\t<div class=\"team-container\">\n\t\t\t<img loading=\"lazy\" decoding=\"async\" width=\"332\" height=\"324\" src=\"https:\/\/www.wallpach.at\/wp-content\/uploads\/2022\/08\/g_rettenbacher.jpg\" class=\"attachment-full\" alt=\"\" title=\"g_rettenbacher\" \/>\t\t\t\t\t\t<div class=\"team-information\">\n\t\t\t\t\t\t\t\t\t<div class=\"team-title\">\n\t\t\t\t\t\t\t\t\t\t\t\t<h6 class=\"member-title\">Gerhard Rettenbacher<\/h6>\n\t\t\t\t\t\t<p class=\"job-title\">Technischer Vertrieb<\/p>\n\t\t\t\t\t\t\t\t\t\t\t<\/div>\n\t\t\t\t\t\t\t\t\t\t\t\t<div class=\"info-container\">\n\t\t\t\t\t\t\t\t\t\t\t\t<div class=\"thb-description\"><a href=\"tel:+43 6244436015\">+43 6244 436015<\/a> oder <br \/>\n<a href=\"tel:+43 6642285688\">+43 664 2285688<\/a><br \/>\n<a href=\"mailto:gerhard.rettenbacher@wallpach.at\">gerhard.rettenbacher@wallpach.at<\/a><\/div>\n\t\t\t\t\t\t\t\t\t\t\t\t\t\t\t\t\t\t\t\t\t\t\t\t\t<\/div>\n\t\t\t\t\t\t\t\t\t\t\t<\/div>\n\t\t\t\t\t<\/div>\n\t\t\t\t\t<\/div>\n\t\t\t<\/div>\n\t<\/div>\n\t<style>\n\t\t\t\t#thb-team-342 .thb-team-member:not(.member_style5) .team-information {\n\t\t\tbackground:rgba(10,10,10,0.95);background:linear-gradient( -135deg,rgba(10,10,10,0.95),rgba(10,10,10,0.95) );\t\t}\n\t\t#thb-team-342 .thb-team-member.member_style5 .team-information-hover {\n\t\t\tbackground:rgba(10,10,10,0.95);background:linear-gradient( -135deg,rgba(10,10,10,0.95),rgba(10,10,10,0.95) );\t\t}\n\t\t\t\t\t\t#thb-team-342 .member_style3:hover .team-container {\n\t\t\tbox-shadow: 0 10px 40px #ffffff;\n\t\t}\n\t\t\t<\/style>\n\t<\/div><\/div><\/div><\/div><div class=\"row wpb_row row-fluid\"><div class=\"wpb_column columns medium-12 thb-dark-column small-12\"><div class=\"vc_column-inner\"><div class=\"wpb_wrapper\">\n\t<div class=\"wpb_text_column wpb_content_element\" >\n\t\t<div class=\"wpb_wrapper\">\n\t\t\t\n\t\t<\/div>\n\t<\/div>\n<\/div><\/div><\/div><\/div>","protected":false},"excerpt":{"rendered":"Schleuderguss Beim Schleudergussverfahren wird die Teileform in eine Kautschukform eingesenkt. Mittels Zentrifugalkraft wird eine fl\u00fcssige Zinnlegierung in die Form eingegossen. Nach dem Abk\u00fchlen wird noch der Anguss abgetrennt und das Teil kann z. B. oberfl\u00e4chenveredelt werden. Neben der Produktion von Kn\u00f6pfen und Schlie\u00dfen, Broschen und Abzeichen eignet sich dieses Verfahren aufgrund der geringen Formkosten und&hellip;","protected":false},"author":2,"featured_media":0,"parent":0,"menu_order":0,"comment_status":"closed","ping_status":"closed","template":"","meta":{"footnotes":""},"class_list":["post-1019","page","type-page","status-publish","hentry"],"yoast_head":"<!-- This site is optimized with the Yoast SEO plugin v24.7 - https:\/\/yoast.com\/wordpress\/plugins\/seo\/ -->\n<title>Wallpach | Schleuderguss - Schnelle &amp; effiziente Fertigung<\/title>\n<meta name=\"description\" content=\"Effiziente Fertigung von Kleinserien &amp; Prototypen. Die professionelle Metallverarbeitung in Ihrer N\u00e4he, aus dem Salzburger Land.\" \/>\n<meta name=\"robots\" content=\"index, follow, max-snippet:-1, max-image-preview:large, max-video-preview:-1\" \/>\n<link rel=\"canonical\" href=\"https:\/\/www.wallpach.at\/en\/schleuderguss\/\" \/>\n<meta property=\"og:locale\" content=\"en_US\" \/>\n<meta property=\"og:type\" content=\"article\" \/>\n<meta property=\"og:title\" content=\"Wallpach | Schleuderguss - Schnelle &amp; effiziente Fertigung\" \/>\n<meta property=\"og:description\" content=\"Effiziente Fertigung von Kleinserien &amp; Prototypen. Die professionelle Metallverarbeitung in Ihrer N\u00e4he, aus dem Salzburger Land.\" \/>\n<meta property=\"og:url\" content=\"https:\/\/www.wallpach.at\/en\/schleuderguss\/\" \/>\n<meta property=\"og:site_name\" content=\"Wallpach\" \/>\n<meta property=\"article:modified_time\" content=\"2024-04-18T07:58:13+00:00\" \/>\n<meta name=\"twitter:card\" content=\"summary_large_image\" \/>\n<meta name=\"twitter:label1\" content=\"Est. reading time\" \/>\n\t<meta name=\"twitter:data1\" content=\"2 minutes\" \/>\n<script type=\"application\/ld+json\" class=\"yoast-schema-graph\">{\"@context\":\"https:\/\/schema.org\",\"@graph\":[{\"@type\":\"WebPage\",\"@id\":\"https:\/\/www.wallpach.at\/schleuderguss\/\",\"url\":\"https:\/\/www.wallpach.at\/schleuderguss\/\",\"name\":\"Wallpach | Schleuderguss - Schnelle & effiziente Fertigung\",\"isPartOf\":{\"@id\":\"https:\/\/www.wallpach.at\/#website\"},\"datePublished\":\"2022-08-24T08:56:04+00:00\",\"dateModified\":\"2024-04-18T07:58:13+00:00\",\"description\":\"Effiziente Fertigung von Kleinserien & Prototypen. Die professionelle Metallverarbeitung in Ihrer N\u00e4he, aus dem Salzburger Land.\",\"breadcrumb\":{\"@id\":\"https:\/\/www.wallpach.at\/schleuderguss\/#breadcrumb\"},\"inLanguage\":\"en-US\",\"potentialAction\":[{\"@type\":\"ReadAction\",\"target\":[\"https:\/\/www.wallpach.at\/schleuderguss\/\"]}]},{\"@type\":\"BreadcrumbList\",\"@id\":\"https:\/\/www.wallpach.at\/schleuderguss\/#breadcrumb\",\"itemListElement\":[{\"@type\":\"ListItem\",\"position\":1,\"name\":\"Startseite\",\"item\":\"https:\/\/www.wallpach.at\/\"},{\"@type\":\"ListItem\",\"position\":2,\"name\":\"Schleuderguss\"}]},{\"@type\":\"WebSite\",\"@id\":\"https:\/\/www.wallpach.at\/#website\",\"url\":\"https:\/\/www.wallpach.at\/\",\"name\":\"Wallpach\",\"description\":\"\",\"potentialAction\":[{\"@type\":\"SearchAction\",\"target\":{\"@type\":\"EntryPoint\",\"urlTemplate\":\"https:\/\/www.wallpach.at\/?s={search_term_string}\"},\"query-input\":{\"@type\":\"PropertyValueSpecification\",\"valueRequired\":true,\"valueName\":\"search_term_string\"}}],\"inLanguage\":\"en-US\"}]}<\/script>\n<!-- \/ Yoast SEO plugin. -->","yoast_head_json":{"title":"Wallpach | Schleuderguss - Schnelle & effiziente Fertigung","description":"Effiziente Fertigung von Kleinserien & Prototypen. Die professionelle Metallverarbeitung in Ihrer N\u00e4he, aus dem Salzburger Land.","robots":{"index":"index","follow":"follow","max-snippet":"max-snippet:-1","max-image-preview":"max-image-preview:large","max-video-preview":"max-video-preview:-1"},"canonical":"https:\/\/www.wallpach.at\/en\/schleuderguss\/","og_locale":"en_US","og_type":"article","og_title":"Wallpach | Schleuderguss - Schnelle & effiziente Fertigung","og_description":"Effiziente Fertigung von Kleinserien & Prototypen. Die professionelle Metallverarbeitung in Ihrer N\u00e4he, aus dem Salzburger Land.","og_url":"https:\/\/www.wallpach.at\/en\/schleuderguss\/","og_site_name":"Wallpach","article_modified_time":"2024-04-18T07:58:13+00:00","twitter_card":"summary_large_image","twitter_misc":{"Est. reading time":"2 minutes"},"schema":{"@context":"https:\/\/schema.org","@graph":[{"@type":"WebPage","@id":"https:\/\/www.wallpach.at\/schleuderguss\/","url":"https:\/\/www.wallpach.at\/schleuderguss\/","name":"Wallpach | Schleuderguss - Schnelle & effiziente Fertigung","isPartOf":{"@id":"https:\/\/www.wallpach.at\/#website"},"datePublished":"2022-08-24T08:56:04+00:00","dateModified":"2024-04-18T07:58:13+00:00","description":"Effiziente Fertigung von Kleinserien & Prototypen. Die professionelle Metallverarbeitung in Ihrer N\u00e4he, aus dem Salzburger Land.","breadcrumb":{"@id":"https:\/\/www.wallpach.at\/schleuderguss\/#breadcrumb"},"inLanguage":"en-US","potentialAction":[{"@type":"ReadAction","target":["https:\/\/www.wallpach.at\/schleuderguss\/"]}]},{"@type":"BreadcrumbList","@id":"https:\/\/www.wallpach.at\/schleuderguss\/#breadcrumb","itemListElement":[{"@type":"ListItem","position":1,"name":"Startseite","item":"https:\/\/www.wallpach.at\/"},{"@type":"ListItem","position":2,"name":"Schleuderguss"}]},{"@type":"WebSite","@id":"https:\/\/www.wallpach.at\/#website","url":"https:\/\/www.wallpach.at\/","name":"Wallpach","description":"","potentialAction":[{"@type":"SearchAction","target":{"@type":"EntryPoint","urlTemplate":"https:\/\/www.wallpach.at\/?s={search_term_string}"},"query-input":{"@type":"PropertyValueSpecification","valueRequired":true,"valueName":"search_term_string"}}],"inLanguage":"en-US"}]}},"_links":{"self":[{"href":"https:\/\/www.wallpach.at\/en\/wp-json\/wp\/v2\/pages\/1019","targetHints":{"allow":["GET"]}}],"collection":[{"href":"https:\/\/www.wallpach.at\/en\/wp-json\/wp\/v2\/pages"}],"about":[{"href":"https:\/\/www.wallpach.at\/en\/wp-json\/wp\/v2\/types\/page"}],"author":[{"embeddable":true,"href":"https:\/\/www.wallpach.at\/en\/wp-json\/wp\/v2\/users\/2"}],"replies":[{"embeddable":true,"href":"https:\/\/www.wallpach.at\/en\/wp-json\/wp\/v2\/comments?post=1019"}],"version-history":[{"count":35,"href":"https:\/\/www.wallpach.at\/en\/wp-json\/wp\/v2\/pages\/1019\/revisions"}],"predecessor-version":[{"id":2201,"href":"https:\/\/www.wallpach.at\/en\/wp-json\/wp\/v2\/pages\/1019\/revisions\/2201"}],"wp:attachment":[{"href":"https:\/\/www.wallpach.at\/en\/wp-json\/wp\/v2\/media?parent=1019"}],"curies":[{"name":"wp","href":"https:\/\/api.w.org\/{rel}","templated":true}]}}