{"id":1021,"date":"2022-08-24T08:57:01","date_gmt":"2022-08-24T08:57:01","guid":{"rendered":"https:\/\/wallpach.web11.mehrdafon.com\/?page_id=1021"},"modified":"2025-04-01T14:03:20","modified_gmt":"2025-04-01T14:03:20","slug":"bru%cc%88nieren-phosphatieren","status":"publish","type":"page","link":"https:\/\/www.wallpach.at\/en\/bru%cc%88nieren-phosphatieren\/","title":{"rendered":"Bru\u0308nieren &#038; Phosphatieren"},"content":{"rendered":"<div class=\"row wpb_row row-fluid no-row-padding full-width-row no-column-padding thb-overlay-enabled vc_custom_1713360229101 row-has-fill row-o-content-middle row-flex\"><div class=\"wpb_column columns medium-12 thb-light-column small-12\"><div class=\"vc_column-inner\"><div class=\"wpb_wrapper\"><\/div><\/div><\/div><div id=\"thb-row-overlay-69fa1cd53627f\" class=\"thb-row-overlay\"><\/div><style>\n  \t#thb-row-overlay-69fa1cd53627f {background:rgba(0,0,0,0.45);background:linear-gradient( -135deg,rgba(0,0,0,0.45),rgba(0,0,0,0.45) ); }<\/style><\/div><div class=\"row wpb_row row-fluid mobile-col full-width-row vc_custom_1677365610078 row-has-fill\"><div class=\"wpb_column columns medium-12 thb-dark-column small-12\"><div class=\"vc_column-inner\"><div class=\"wpb_wrapper\"><div class=\"vc_empty_space\" id=\"thb-empty-space-69fa1cd536970\" style=\"height: 50px\" ><span class=\"vc_empty_space_inner\"><\/span><\/div>\n\n\t<div class=\"wpb_text_column wpb_content_element animation bottom-to-top  vc_custom_1743516203169\" >\n\t\t<div class=\"wpb_wrapper\">\n\t\t\t<h1 style=\"text-align: center;\">Bru\u0308nieren &amp; Phosphatieren<\/h1>\n<h3 style=\"text-align: center;\">Ihre Experten f\u00fcr Oberfl\u00e4chenveredelung von Stahlteilen<\/h3>\n\n\t\t<\/div>\n\t<\/div>\n<div class=\"vc_empty_space\" id=\"thb-empty-space-69fa1cd536c6c\" style=\"height: 20px\" ><span class=\"vc_empty_space_inner\"><\/span><\/div>\n\n\t<div class=\"wpb_text_column wpb_content_element animation fade-in\" >\n\t\t<div class=\"wpb_wrapper\">\n\t\t\t<p>In den letzten Jahren hat sich Wallpach als Schl\u00fcsselpartner f\u00fcr die Metallverarbeitung etabliert, spezialisiert auf Br\u00fcnieren und Phosphatieren. Ob es um Einzelst\u00fccke oder komplette Serien geht \u2013 wir bearbeiten alle Lose mit gr\u00f6\u00dfter Sorgfalt und Pr\u00e4zision.<\/p>\n<p>Wir sind stolz auf unsere F\u00e4higkeit, konstante Qualit\u00e4t auf h\u00f6chstem Niveau zu liefern. Unsere Prozesse sind darauf ausgerichtet, flexibel auf die Bed\u00fcrfnisse unserer Kunden zu reagieren und dabei stets effiziente Durchlaufzeiten zu gew\u00e4hrleisten.<\/p>\n<p>F\u00fcr konkrete Preisinformationen und weitere Details zu unserem Service stehen wir Ihnen gerne zur Verf\u00fcgung. Kontaktieren Sie einfach unseren Vertrieb, der Ihnen mit Fachwissen zur Seite steht.<\/p>\n<p><strong>Ihre Vorteile bei Wallpach im \u00dcberblick:<\/strong><\/p>\n<ul>\n<li><strong>Maximale Abmessungen:<\/strong> Bearbeitung von Teilen bis zu 1100x500x400 mm.<\/li>\n<li><strong>Maximales Teilegewicht:<\/strong> Wir handhaben Teile bis zu 40 kg St\u00fcckgewicht.<\/li>\n<li><strong>Flexibilit\u00e4t:<\/strong> Wir passen unsere Prozesse individuell an Ihre Anforderungen an.<\/li>\n<li><strong>Schnelligkeit:<\/strong> Profitieren Sie von unseren kurzen Durchlaufzeiten f\u00fcr einen z\u00fcgigen Projektfortschritt.<\/li>\n<\/ul>\n<p>Entscheiden Sie sich f\u00fcr Wallpach, wenn es um die Veredelung von Oberfl\u00e4chen geht. Wir stehen f\u00fcr Qualit\u00e4t, Flexibilit\u00e4t und Schnelligkeit \u2013 Werte, die in jedem unserer Projekte zum Ausdruck kommen.<\/p>\n\n\t\t<\/div>\n\t<\/div>\n<\/div><\/div><\/div><\/div><div class=\"row wpb_row row-fluid no-row-padding full-width-row no-column-padding vc_custom_1660052224889 row-has-fill\"><div class=\"wpb_column columns medium-12 thb-dark-column small-12\"><div class=\"vc_column-inner\"><div class=\"wpb_wrapper\">\t<div id=\"thb-freescroll-531\" class=\"thb-freescroll  mini-padding thb-adaptive-height thb-freescroll-images\" data-direction=\"thb-right-to-left\" data-pause=\"\">\n\t\t\n\t\t\t\t\t<figure class=\"small-12 thb-5 columns\">\n\t\t\t\t\t\t\t\t\t\t<img loading=\"lazy\" decoding=\"async\" width=\"255\" height=\"436\" src=\"https:\/\/www.wallpach.at\/wp-content\/uploads\/2022\/10\/bruenieren2.jpg\" class=\"\" alt=\"firma wallpach bruenieren ansicht von kleinstteilen\" srcset=\"https:\/\/www.wallpach.at\/wp-content\/uploads\/2022\/10\/bruenieren2.jpg 255w, https:\/\/www.wallpach.at\/wp-content\/uploads\/2022\/10\/bruenieren2-175x300.jpg 175w, https:\/\/www.wallpach.at\/wp-content\/uploads\/2022\/10\/bruenieren2-7x12.jpg 7w, https:\/\/www.wallpach.at\/wp-content\/uploads\/2022\/10\/bruenieren2-190x325.jpg 190w, https:\/\/www.wallpach.at\/wp-content\/uploads\/2022\/10\/bruenieren2-20x34.jpg 20w\" sizes=\"auto, (max-width: 255px) 100vw, 255px\" \/>\t\t\t\t\t\t\t\t\t\t<\/figure>\n\t\t\t\t\n\t\t\t\t\t<figure class=\"small-12 thb-5 columns\">\n\t\t\t\t\t\t\t\t\t\t<img loading=\"lazy\" decoding=\"async\" width=\"255\" height=\"436\" src=\"https:\/\/www.wallpach.at\/wp-content\/uploads\/2022\/10\/bruenieren.jpg\" class=\"\" alt=\"firma wallpach bruenieren individuell auf ihren wunsch\" srcset=\"https:\/\/www.wallpach.at\/wp-content\/uploads\/2022\/10\/bruenieren.jpg 255w, https:\/\/www.wallpach.at\/wp-content\/uploads\/2022\/10\/bruenieren-175x300.jpg 175w, https:\/\/www.wallpach.at\/wp-content\/uploads\/2022\/10\/bruenieren-7x12.jpg 7w, https:\/\/www.wallpach.at\/wp-content\/uploads\/2022\/10\/bruenieren-190x325.jpg 190w, https:\/\/www.wallpach.at\/wp-content\/uploads\/2022\/10\/bruenieren-20x34.jpg 20w\" sizes=\"auto, (max-width: 255px) 100vw, 255px\" \/>\t\t\t\t\t\t\t\t\t\t<\/figure>\n\t\t\t\t\n\t\t\t\t\t<figure class=\"small-12 thb-5 columns\">\n\t\t\t\t\t\t\t\t\t\t<img loading=\"lazy\" decoding=\"async\" width=\"255\" height=\"436\" src=\"https:\/\/www.wallpach.at\/wp-content\/uploads\/2022\/10\/bruenieren3.jpg\" class=\"\" alt=\"firma wallpach bruenieren ansicht von einzeteilen\" srcset=\"https:\/\/www.wallpach.at\/wp-content\/uploads\/2022\/10\/bruenieren3.jpg 255w, https:\/\/www.wallpach.at\/wp-content\/uploads\/2022\/10\/bruenieren3-175x300.jpg 175w, https:\/\/www.wallpach.at\/wp-content\/uploads\/2022\/10\/bruenieren3-7x12.jpg 7w, https:\/\/www.wallpach.at\/wp-content\/uploads\/2022\/10\/bruenieren3-190x325.jpg 190w, https:\/\/www.wallpach.at\/wp-content\/uploads\/2022\/10\/bruenieren3-20x34.jpg 20w\" sizes=\"auto, (max-width: 255px) 100vw, 255px\" \/>\t\t\t\t\t\t\t\t\t\t<\/figure>\n\t\t\t\t\n\t\t\t\t\t<figure class=\"small-12 thb-5 columns\">\n\t\t\t\t\t\t\t\t\t\t<img loading=\"lazy\" decoding=\"async\" width=\"255\" height=\"436\" src=\"https:\/\/www.wallpach.at\/wp-content\/uploads\/2022\/10\/bruenieren4.jpg\" class=\"\" alt=\"firma wallpach bruenieren ansicht metallteile von vorne\" srcset=\"https:\/\/www.wallpach.at\/wp-content\/uploads\/2022\/10\/bruenieren4.jpg 255w, https:\/\/www.wallpach.at\/wp-content\/uploads\/2022\/10\/bruenieren4-175x300.jpg 175w, https:\/\/www.wallpach.at\/wp-content\/uploads\/2022\/10\/bruenieren4-7x12.jpg 7w, https:\/\/www.wallpach.at\/wp-content\/uploads\/2022\/10\/bruenieren4-190x325.jpg 190w, https:\/\/www.wallpach.at\/wp-content\/uploads\/2022\/10\/bruenieren4-20x34.jpg 20w\" sizes=\"auto, (max-width: 255px) 100vw, 255px\" \/>\t\t\t\t\t\t\t\t\t\t<\/figure>\n\t\t\t\t\n\t\t\t\t\t<figure class=\"small-12 thb-5 columns\">\n\t\t\t\t\t\t\t\t\t\t<img loading=\"lazy\" decoding=\"async\" width=\"255\" height=\"436\" src=\"https:\/\/www.wallpach.at\/wp-content\/uploads\/2022\/10\/bruenieren5.jpg\" class=\"\" alt=\"firma wallpach bruenieren ansicht metallteile\" srcset=\"https:\/\/www.wallpach.at\/wp-content\/uploads\/2022\/10\/bruenieren5.jpg 255w, https:\/\/www.wallpach.at\/wp-content\/uploads\/2022\/10\/bruenieren5-175x300.jpg 175w, https:\/\/www.wallpach.at\/wp-content\/uploads\/2022\/10\/bruenieren5-7x12.jpg 7w, https:\/\/www.wallpach.at\/wp-content\/uploads\/2022\/10\/bruenieren5-190x325.jpg 190w, https:\/\/www.wallpach.at\/wp-content\/uploads\/2022\/10\/bruenieren5-20x34.jpg 20w\" sizes=\"auto, (max-width: 255px) 100vw, 255px\" \/>\t\t\t\t\t\t\t\t\t\t<\/figure>\n\t\t\t\t\n\t\t\t\t\t<figure class=\"small-12 thb-5 columns\">\n\t\t\t\t\t\t\t\t\t\t<img loading=\"lazy\" decoding=\"async\" width=\"255\" height=\"436\" src=\"https:\/\/www.wallpach.at\/wp-content\/uploads\/2022\/10\/phosphatieren.jpg\" class=\"\" alt=\"Firma Wallpach Phosphatieren von Metallwaren\" srcset=\"https:\/\/www.wallpach.at\/wp-content\/uploads\/2022\/10\/phosphatieren.jpg 255w, https:\/\/www.wallpach.at\/wp-content\/uploads\/2022\/10\/phosphatieren-175x300.jpg 175w, https:\/\/www.wallpach.at\/wp-content\/uploads\/2022\/10\/phosphatieren-7x12.jpg 7w, https:\/\/www.wallpach.at\/wp-content\/uploads\/2022\/10\/phosphatieren-190x325.jpg 190w, https:\/\/www.wallpach.at\/wp-content\/uploads\/2022\/10\/phosphatieren-20x34.jpg 20w\" sizes=\"auto, (max-width: 255px) 100vw, 255px\" \/>\t\t\t\t\t\t\t\t\t\t<\/figure>\n\t\t\t\t\n\t\t\t\t\t<figure class=\"small-12 thb-5 columns\">\n\t\t\t\t\t\t\t\t\t\t<img loading=\"lazy\" decoding=\"async\" width=\"255\" height=\"436\" src=\"https:\/\/www.wallpach.at\/wp-content\/uploads\/2022\/10\/phosphatieren2.jpg\" class=\"\" alt=\"Firma Wallpach Phosphatieren von Schrauben\" srcset=\"https:\/\/www.wallpach.at\/wp-content\/uploads\/2022\/10\/phosphatieren2.jpg 255w, https:\/\/www.wallpach.at\/wp-content\/uploads\/2022\/10\/phosphatieren2-175x300.jpg 175w, https:\/\/www.wallpach.at\/wp-content\/uploads\/2022\/10\/phosphatieren2-7x12.jpg 7w, https:\/\/www.wallpach.at\/wp-content\/uploads\/2022\/10\/phosphatieren2-190x325.jpg 190w, https:\/\/www.wallpach.at\/wp-content\/uploads\/2022\/10\/phosphatieren2-20x34.jpg 20w\" sizes=\"auto, (max-width: 255px) 100vw, 255px\" \/>\t\t\t\t\t\t\t\t\t\t<\/figure>\n\t\t\t\t\t<\/div>\n\t<\/div><\/div><\/div><\/div><div class=\"row wpb_row row-fluid align-center text-center vc_custom_1656841364224\"><div class=\"wpb_column columns medium-12 large-7 medium-10 thb-dark-column small-12\"><div class=\"vc_column-inner\"><div class=\"wpb_wrapper\">\n\t<div class=\"wpb_text_column wpb_content_element animation bottom-to-top\" >\n\t\t<div class=\"wpb_wrapper\">\n\t\t\t<h1>Wir sind f\u00fcr Sie da<\/h1>\n\n\t\t<\/div>\n\t<\/div>\n\n\t<div class=\"wpb_text_column wpb_content_element animation bottom-to-top\" >\n\t\t<div class=\"wpb_wrapper\">\n\t\t\t<p>Sie ben\u00f6tigen mehr Informationen? Sie haben eine Frage? Sie m\u00f6chten ein individuelles Angebot? Dann melden Sie sich doch telefonisch, per Mail oder nutzen Sie gleich unser praktisches Anfrageformular, wir beraten Sie gerne.<\/p>\n\n\t\t<\/div>\n\t<\/div>\n<\/div><\/div><\/div><\/div><div class=\"row wpb_row row-fluid align-center text-center vc_custom_1656841364224\"><div class=\"wpb_column columns medium-12 large-12 medium-12 thb-dark-column small-12\"><div class=\"vc_column-inner\"><div class=\"wpb_wrapper\">\t<div id=\"thb-team-327\" class=\"thb-team-row team-light\">\n\t\t<div class=\"row style1 regular-padding\" data-columns=\"large-4\" data-pagination=\"true\" data-autoplay=\"\" data-autoplay-speed=\"4000\">\n\t\t\t\t<div class=\"thb-team-member small-12 large-4 animation bottom-to-top-3d columns member_style3\">\n\t\t<div class=\"team-container\">\n\t\t\t<img loading=\"lazy\" decoding=\"async\" width=\"332\" height=\"324\" src=\"https:\/\/www.wallpach.at\/wp-content\/uploads\/2022\/08\/g_rettenbacher.jpg\" class=\"attachment-full\" alt=\"\" title=\"g_rettenbacher\" \/>\t\t\t\t\t\t<div class=\"team-information\">\n\t\t\t\t\t\t\t\t\t<div class=\"team-title\">\n\t\t\t\t\t\t\t\t\t\t\t\t<h6 class=\"member-title\">Gerhard Rettenbacher<\/h6>\n\t\t\t\t\t\t<p class=\"job-title\">Technischer Vertrieb<\/p>\n\t\t\t\t\t\t\t\t\t\t\t<\/div>\n\t\t\t\t\t\t\t\t\t\t\t\t<div class=\"info-container\">\n\t\t\t\t\t\t\t\t\t\t\t\t<div class=\"thb-description\"><a href=\"tel:+43 6244436015\">+43 6244 436015<\/a> oder <br \/>\n<a href=\"tel:+43 6642285688\">+43 664 2285688<\/a><br \/>\n<a href=\"mailto:gerhard.rettenbacher@wallpach.at\">gerhard.rettenbacher@wallpach.at<\/a><\/div>\n\t\t\t\t\t\t\t\t\t\t\t\t\t\t\t\t\t\t\t\t\t\t\t\t\t<\/div>\n\t\t\t\t\t\t\t\t\t\t\t<\/div>\n\t\t\t\t\t<\/div>\n\t\t\t\t\t<\/div>\n\t\t\t<\/div>\n\t<\/div>\n\t<style>\n\t\t\t\t#thb-team-327 .thb-team-member:not(.member_style5) .team-information {\n\t\t\tbackground:rgba(10,10,10,0.95);background:linear-gradient( -135deg,rgba(10,10,10,0.95),rgba(10,10,10,0.95) );\t\t}\n\t\t#thb-team-327 .thb-team-member.member_style5 .team-information-hover {\n\t\t\tbackground:rgba(10,10,10,0.95);background:linear-gradient( -135deg,rgba(10,10,10,0.95),rgba(10,10,10,0.95) );\t\t}\n\t\t\t\t\t\t#thb-team-327 .member_style3:hover .team-container {\n\t\t\tbox-shadow: 0 10px 40px #ffffff;\n\t\t}\n\t\t\t<\/style>\n\t<\/div><\/div><\/div><\/div>","protected":false},"excerpt":{"rendered":"Bru\u0308nieren &amp; Phosphatieren Ihre Experten f\u00fcr Oberfl\u00e4chenveredelung von Stahlteilen In den letzten Jahren hat sich Wallpach als Schl\u00fcsselpartner f\u00fcr die Metallverarbeitung etabliert, spezialisiert auf Br\u00fcnieren und Phosphatieren. Ob es um Einzelst\u00fccke oder komplette Serien geht \u2013 wir bearbeiten alle Lose mit gr\u00f6\u00dfter Sorgfalt und Pr\u00e4zision. Wir sind stolz auf unsere F\u00e4higkeit, konstante Qualit\u00e4t auf h\u00f6chstem&hellip;","protected":false},"author":2,"featured_media":0,"parent":0,"menu_order":0,"comment_status":"closed","ping_status":"closed","template":"","meta":{"footnotes":""},"class_list":["post-1021","page","type-page","status-publish","hentry"],"yoast_head":"<!-- This site is optimized with the Yoast SEO plugin v24.7 - https:\/\/yoast.com\/wordpress\/plugins\/seo\/ -->\n<title>Wallpach | Br\u00fcnieren &amp; Phosphatieren<\/title>\n<meta name=\"description\" content=\"Metall Verarbeitung von Einzelteilen bis hin zu Teilserien, flexibel, individuell &amp; effizient. Qualit\u00e4t aus dem Salzburger Land.\" \/>\n<meta name=\"robots\" content=\"index, follow, max-snippet:-1, max-image-preview:large, max-video-preview:-1\" \/>\n<link rel=\"canonical\" href=\"https:\/\/www.wallpach.at\/en\/bru\u0308nieren-phosphatieren\/\" \/>\n<meta property=\"og:locale\" content=\"en_US\" \/>\n<meta property=\"og:type\" content=\"article\" \/>\n<meta property=\"og:title\" content=\"Wallpach | Br\u00fcnieren &amp; Phosphatieren\" \/>\n<meta property=\"og:description\" content=\"Metall Verarbeitung von Einzelteilen bis hin zu Teilserien, flexibel, individuell &amp; effizient. Qualit\u00e4t aus dem Salzburger Land.\" \/>\n<meta property=\"og:url\" content=\"https:\/\/www.wallpach.at\/en\/bru\u0308nieren-phosphatieren\/\" \/>\n<meta property=\"og:site_name\" content=\"Wallpach\" \/>\n<meta property=\"article:modified_time\" content=\"2025-04-01T14:03:20+00:00\" \/>\n<meta name=\"twitter:card\" content=\"summary_large_image\" \/>\n<meta name=\"twitter:label1\" content=\"Est. reading time\" \/>\n\t<meta name=\"twitter:data1\" content=\"2 minutes\" \/>\n<script type=\"application\/ld+json\" class=\"yoast-schema-graph\">{\"@context\":\"https:\/\/schema.org\",\"@graph\":[{\"@type\":\"WebPage\",\"@id\":\"https:\/\/www.wallpach.at\/bru%cc%88nieren-phosphatieren\/\",\"url\":\"https:\/\/www.wallpach.at\/bru%cc%88nieren-phosphatieren\/\",\"name\":\"Wallpach | Br\u00fcnieren & Phosphatieren\",\"isPartOf\":{\"@id\":\"https:\/\/www.wallpach.at\/#website\"},\"datePublished\":\"2022-08-24T08:57:01+00:00\",\"dateModified\":\"2025-04-01T14:03:20+00:00\",\"description\":\"Metall Verarbeitung von Einzelteilen bis hin zu Teilserien, flexibel, individuell & effizient. Qualit\u00e4t aus dem Salzburger Land.\",\"breadcrumb\":{\"@id\":\"https:\/\/www.wallpach.at\/bru%cc%88nieren-phosphatieren\/#breadcrumb\"},\"inLanguage\":\"en-US\",\"potentialAction\":[{\"@type\":\"ReadAction\",\"target\":[\"https:\/\/www.wallpach.at\/bru%cc%88nieren-phosphatieren\/\"]}]},{\"@type\":\"BreadcrumbList\",\"@id\":\"https:\/\/www.wallpach.at\/bru%cc%88nieren-phosphatieren\/#breadcrumb\",\"itemListElement\":[{\"@type\":\"ListItem\",\"position\":1,\"name\":\"Startseite\",\"item\":\"https:\/\/www.wallpach.at\/\"},{\"@type\":\"ListItem\",\"position\":2,\"name\":\"Bru\u0308nieren &#038; Phosphatieren\"}]},{\"@type\":\"WebSite\",\"@id\":\"https:\/\/www.wallpach.at\/#website\",\"url\":\"https:\/\/www.wallpach.at\/\",\"name\":\"Wallpach\",\"description\":\"\",\"potentialAction\":[{\"@type\":\"SearchAction\",\"target\":{\"@type\":\"EntryPoint\",\"urlTemplate\":\"https:\/\/www.wallpach.at\/?s={search_term_string}\"},\"query-input\":{\"@type\":\"PropertyValueSpecification\",\"valueRequired\":true,\"valueName\":\"search_term_string\"}}],\"inLanguage\":\"en-US\"}]}<\/script>\n<!-- \/ Yoast SEO plugin. -->","yoast_head_json":{"title":"Wallpach | Br\u00fcnieren & Phosphatieren","description":"Metall Verarbeitung von Einzelteilen bis hin zu Teilserien, flexibel, individuell & effizient. Qualit\u00e4t aus dem Salzburger Land.","robots":{"index":"index","follow":"follow","max-snippet":"max-snippet:-1","max-image-preview":"max-image-preview:large","max-video-preview":"max-video-preview:-1"},"canonical":"https:\/\/www.wallpach.at\/en\/bru\u0308nieren-phosphatieren\/","og_locale":"en_US","og_type":"article","og_title":"Wallpach | Br\u00fcnieren & Phosphatieren","og_description":"Metall Verarbeitung von Einzelteilen bis hin zu Teilserien, flexibel, individuell & effizient. Qualit\u00e4t aus dem Salzburger Land.","og_url":"https:\/\/www.wallpach.at\/en\/bru\u0308nieren-phosphatieren\/","og_site_name":"Wallpach","article_modified_time":"2025-04-01T14:03:20+00:00","twitter_card":"summary_large_image","twitter_misc":{"Est. reading time":"2 minutes"},"schema":{"@context":"https:\/\/schema.org","@graph":[{"@type":"WebPage","@id":"https:\/\/www.wallpach.at\/bru%cc%88nieren-phosphatieren\/","url":"https:\/\/www.wallpach.at\/bru%cc%88nieren-phosphatieren\/","name":"Wallpach | Br\u00fcnieren & Phosphatieren","isPartOf":{"@id":"https:\/\/www.wallpach.at\/#website"},"datePublished":"2022-08-24T08:57:01+00:00","dateModified":"2025-04-01T14:03:20+00:00","description":"Metall Verarbeitung von Einzelteilen bis hin zu Teilserien, flexibel, individuell & effizient. Qualit\u00e4t aus dem Salzburger Land.","breadcrumb":{"@id":"https:\/\/www.wallpach.at\/bru%cc%88nieren-phosphatieren\/#breadcrumb"},"inLanguage":"en-US","potentialAction":[{"@type":"ReadAction","target":["https:\/\/www.wallpach.at\/bru%cc%88nieren-phosphatieren\/"]}]},{"@type":"BreadcrumbList","@id":"https:\/\/www.wallpach.at\/bru%cc%88nieren-phosphatieren\/#breadcrumb","itemListElement":[{"@type":"ListItem","position":1,"name":"Startseite","item":"https:\/\/www.wallpach.at\/"},{"@type":"ListItem","position":2,"name":"Bru\u0308nieren &#038; Phosphatieren"}]},{"@type":"WebSite","@id":"https:\/\/www.wallpach.at\/#website","url":"https:\/\/www.wallpach.at\/","name":"Wallpach","description":"","potentialAction":[{"@type":"SearchAction","target":{"@type":"EntryPoint","urlTemplate":"https:\/\/www.wallpach.at\/?s={search_term_string}"},"query-input":{"@type":"PropertyValueSpecification","valueRequired":true,"valueName":"search_term_string"}}],"inLanguage":"en-US"}]}},"_links":{"self":[{"href":"https:\/\/www.wallpach.at\/en\/wp-json\/wp\/v2\/pages\/1021","targetHints":{"allow":["GET"]}}],"collection":[{"href":"https:\/\/www.wallpach.at\/en\/wp-json\/wp\/v2\/pages"}],"about":[{"href":"https:\/\/www.wallpach.at\/en\/wp-json\/wp\/v2\/types\/page"}],"author":[{"embeddable":true,"href":"https:\/\/www.wallpach.at\/en\/wp-json\/wp\/v2\/users\/2"}],"replies":[{"embeddable":true,"href":"https:\/\/www.wallpach.at\/en\/wp-json\/wp\/v2\/comments?post=1021"}],"version-history":[{"count":45,"href":"https:\/\/www.wallpach.at\/en\/wp-json\/wp\/v2\/pages\/1021\/revisions"}],"predecessor-version":[{"id":2295,"href":"https:\/\/www.wallpach.at\/en\/wp-json\/wp\/v2\/pages\/1021\/revisions\/2295"}],"wp:attachment":[{"href":"https:\/\/www.wallpach.at\/en\/wp-json\/wp\/v2\/media?parent=1021"}],"curies":[{"name":"wp","href":"https:\/\/api.w.org\/{rel}","templated":true}]}}