{"id":1024,"date":"2022-08-24T08:57:47","date_gmt":"2022-08-24T08:57:47","guid":{"rendered":"https:\/\/wallpach.web11.mehrdafon.com\/?page_id=1024"},"modified":"2024-04-18T07:54:19","modified_gmt":"2024-04-18T07:54:19","slug":"drahtbiegen","status":"publish","type":"page","link":"https:\/\/www.wallpach.at\/en\/drahtbiegen\/","title":{"rendered":"Drahtbiegen"},"content":{"rendered":"<div class=\"row wpb_row row-fluid no-row-padding full-width-row no-column-padding thb-overlay-enabled vc_custom_1713360464044 row-has-fill row-o-content-middle row-flex\"><div class=\"wpb_column columns medium-12 thb-light-column small-12\"><div class=\"vc_column-inner\"><div class=\"wpb_wrapper\"><\/div><\/div><\/div><div id=\"thb-row-overlay-69fa1b886e97e\" class=\"thb-row-overlay\"><\/div><style>\n  \t#thb-row-overlay-69fa1b886e97e {background:rgba(0,0,0,0.45);background:linear-gradient( -135deg,rgba(0,0,0,0.45),rgba(0,0,0,0.45) ); }<\/style><\/div><div class=\"row wpb_row row-fluid mobile-col full-width-row vc_custom_1677365667831 row-has-fill\"><div class=\"wpb_column columns medium-12 thb-dark-column small-12\"><div class=\"vc_column-inner\"><div class=\"wpb_wrapper\"><div class=\"vc_empty_space\" id=\"thb-empty-space-69fa1b886f026\" style=\"height: 50px\" ><span class=\"vc_empty_space_inner\"><\/span><\/div>\n\n\t<div class=\"wpb_text_column wpb_content_element animation bottom-to-top  vc_custom_1712757683857\" >\n\t\t<div class=\"wpb_wrapper\">\n\t\t\t<h1 style=\"text-align: center;\">Kompetenz im Drahtbiegen<\/h1>\n<h3 style=\"text-align: center;\">Pr\u00e4zise L\u00f6sungen bei Wallpach<\/h3>\n\n\t\t<\/div>\n\t<\/div>\n<div class=\"vc_empty_space\" id=\"thb-empty-space-69fa1b886f3a3\" style=\"height: 20px\" ><span class=\"vc_empty_space_inner\"><\/span><\/div>\n\n\t<div class=\"wpb_text_column wpb_content_element animation fade-in\" >\n\t\t<div class=\"wpb_wrapper\">\n\t\t\t<p>Als umfassender Anbieter im Bereich der Stanzbiegetechnik haben wir unsere Kompetenzen strategisch erweitert und uns umfangreiches Fachwissen im Drahtbiegen angeeignet. Diese Spezialisierung erm\u00f6glicht es uns, Drahtmaterialien bis zu einem Durchmesser von 3 mm pr\u00e4zise zu bearbeiten. Unser hauseigener Werkzeugbau ist dabei der Schl\u00fcssel zu einer schnellen und pr\u00e4zisen Realisierung Ihrer Projekte.<\/p>\n<p><strong>Unser Leistungsspektrum im Drahtbiegen:<\/strong><\/p>\n<ul>\n<li><strong>Maximaler Durchmesser:<\/strong> Wir verarbeiten Drahtmaterialien bis zu einem Durchmesser von 3 mm.<\/li>\n<li><strong>Eigene Werkzeugfertigung:<\/strong> Dank unserer internen Werkzeugbauabteilung k\u00f6nnen wir schnell und flexibel auf Ihre individuellen W\u00fcnsche reagieren.<\/li>\n<li><strong>Vielf\u00e4ltige Materialkompetenz:<\/strong> Unser Fachwissen erstreckt sich \u00fcber s\u00e4mtliche zu biegenden Materialien, um vielseitige Branchenanforderungen zu erf\u00fcllen.<\/li>\n<\/ul>\n<p>Mit Wallpach als Ihrem Partner f\u00fcr Drahtbiegetechnik setzen Sie auf Pr\u00e4zision, Effizienz und ma\u00dfgeschneiderte Fertigungsl\u00f6sungen. Kontaktieren Sie uns, um mehr \u00fcber unsere Drahtbiegekompetenzen zu erfahren und wie wir Ihr Projekt zum Erfolg f\u00fchren k\u00f6nnen.<\/p>\n\n\t\t<\/div>\n\t<\/div>\n<\/div><\/div><\/div><\/div><div class=\"row wpb_row row-fluid no-row-padding full-width-row no-column-padding vc_custom_1660052224889 row-has-fill\"><div class=\"wpb_column columns medium-12 thb-dark-column small-12\"><div class=\"vc_column-inner\"><div class=\"wpb_wrapper\">\t<div id=\"thb-freescroll-904\" class=\"thb-freescroll  mini-padding thb-adaptive-height thb-freescroll-images\" data-direction=\"thb-right-to-left\" data-pause=\"\">\n\t\t\n\t\t\t\t\t<figure class=\"small-12 thb-5 columns\">\n\t\t\t\t\t\t\t\t\t\t<img loading=\"lazy\" decoding=\"async\" width=\"255\" height=\"436\" src=\"https:\/\/www.wallpach.at\/wp-content\/uploads\/2022\/08\/schleuderguss2.png\" class=\"\" alt=\"\" srcset=\"https:\/\/www.wallpach.at\/wp-content\/uploads\/2022\/08\/schleuderguss2.png 255w, https:\/\/www.wallpach.at\/wp-content\/uploads\/2022\/08\/schleuderguss2-175x300.png 175w, https:\/\/www.wallpach.at\/wp-content\/uploads\/2022\/08\/schleuderguss2-7x12.png 7w, https:\/\/www.wallpach.at\/wp-content\/uploads\/2022\/08\/schleuderguss2-190x325.png 190w, https:\/\/www.wallpach.at\/wp-content\/uploads\/2022\/08\/schleuderguss2-20x34.png 20w\" sizes=\"auto, (max-width: 255px) 100vw, 255px\" \/>\t\t\t\t\t\t\t\t\t\t<\/figure>\n\t\t\t\t\n\t\t\t\t\t<figure class=\"small-12 thb-5 columns\">\n\t\t\t\t\t\t\t\t\t\t<img loading=\"lazy\" decoding=\"async\" width=\"255\" height=\"436\" src=\"https:\/\/www.wallpach.at\/wp-content\/uploads\/2022\/08\/drahtbiegen.png\" class=\"\" alt=\"\" srcset=\"https:\/\/www.wallpach.at\/wp-content\/uploads\/2022\/08\/drahtbiegen.png 255w, https:\/\/www.wallpach.at\/wp-content\/uploads\/2022\/08\/drahtbiegen-175x300.png 175w, https:\/\/www.wallpach.at\/wp-content\/uploads\/2022\/08\/drahtbiegen-7x12.png 7w, https:\/\/www.wallpach.at\/wp-content\/uploads\/2022\/08\/drahtbiegen-190x325.png 190w, https:\/\/www.wallpach.at\/wp-content\/uploads\/2022\/08\/drahtbiegen-20x34.png 20w\" sizes=\"auto, (max-width: 255px) 100vw, 255px\" \/>\t\t\t\t\t\t\t\t\t\t<\/figure>\n\t\t\t\t\t<\/div>\n\t<\/div><\/div><\/div><\/div><div class=\"row wpb_row row-fluid align-center text-center vc_custom_1656841364224\"><div class=\"wpb_column columns medium-12 large-7 medium-10 thb-dark-column small-12\"><div class=\"vc_column-inner\"><div class=\"wpb_wrapper\">\n\t<div class=\"wpb_text_column wpb_content_element animation bottom-to-top\" >\n\t\t<div class=\"wpb_wrapper\">\n\t\t\t<h1>Wir sind f\u00fcr Sie da<\/h1>\n\n\t\t<\/div>\n\t<\/div>\n\n\t<div class=\"wpb_text_column wpb_content_element animation bottom-to-top\" >\n\t\t<div class=\"wpb_wrapper\">\n\t\t\t<p>Sie ben\u00f6tigen mehr Informationen? Sie haben eine Frage? Sie m\u00f6chten ein individuelles Angebot? Dann melden Sie sich doch telefonisch, per Mail oder nutzen Sie gleich unser praktisches Anfrageformular, ich berate Sie gerne.<\/p>\n\n\t\t<\/div>\n\t<\/div>\n<\/div><\/div><\/div><\/div><div class=\"row wpb_row row-fluid align-center text-center vc_custom_1656841364224\"><div class=\"wpb_column columns medium-12 large-12 medium-12 thb-dark-column small-12\"><div class=\"vc_column-inner\"><div class=\"wpb_wrapper\">\t<div id=\"thb-team-196\" class=\"thb-team-row team-light\">\n\t\t<div class=\"row style1 regular-padding\" data-columns=\"large-4\" data-pagination=\"true\" data-autoplay=\"\" data-autoplay-speed=\"4000\">\n\t\t\t\t<div class=\"thb-team-member small-12 large-4 animation bottom-to-top-3d columns member_style3\">\n\t\t<div class=\"team-container\">\n\t\t\t<img loading=\"lazy\" decoding=\"async\" width=\"332\" height=\"324\" src=\"https:\/\/www.wallpach.at\/wp-content\/uploads\/2022\/08\/g_rettenbacher.jpg\" class=\"attachment-full\" alt=\"\" title=\"g_rettenbacher\" \/>\t\t\t\t\t\t<div class=\"team-information\">\n\t\t\t\t\t\t\t\t\t<div class=\"team-title\">\n\t\t\t\t\t\t\t\t\t\t\t\t<h6 class=\"member-title\">Gerhard Rettenbacher<\/h6>\n\t\t\t\t\t\t<p class=\"job-title\">Technischer Vertrieb<\/p>\n\t\t\t\t\t\t\t\t\t\t\t<\/div>\n\t\t\t\t\t\t\t\t\t\t\t\t<div class=\"info-container\">\n\t\t\t\t\t\t\t\t\t\t\t\t<div class=\"thb-description\"><a href=\"tel:+43 6244436015\">+43 6244 436015<\/a> oder <br \/>\n<a href=\"tel:+43 6642285688\">+43 664 2285688<\/a><br \/>\n<a href=\"mailto:gerhard.rettenbacher@wallpach.at\">gerhard.rettenbacher@wallpach.at<\/a><\/div>\n\t\t\t\t\t\t\t\t\t\t\t\t\t\t\t\t\t\t\t\t\t\t\t\t\t<\/div>\n\t\t\t\t\t\t\t\t\t\t\t<\/div>\n\t\t\t\t\t<\/div>\n\t\t\t\t\t<\/div>\n\t\t\t<\/div>\n\t<\/div>\n\t<style>\n\t\t\t\t#thb-team-196 .thb-team-member:not(.member_style5) .team-information {\n\t\t\tbackground:rgba(10,10,10,0.95);background:linear-gradient( -135deg,rgba(10,10,10,0.95),rgba(10,10,10,0.95) );\t\t}\n\t\t#thb-team-196 .thb-team-member.member_style5 .team-information-hover {\n\t\t\tbackground:rgba(10,10,10,0.95);background:linear-gradient( -135deg,rgba(10,10,10,0.95),rgba(10,10,10,0.95) );\t\t}\n\t\t\t\t\t\t#thb-team-196 .member_style3:hover .team-container {\n\t\t\tbox-shadow: 0 10px 40px #ffffff;\n\t\t}\n\t\t\t<\/style>\n\t<\/div><\/div><\/div><\/div>","protected":false},"excerpt":{"rendered":"Kompetenz im Drahtbiegen Pr\u00e4zise L\u00f6sungen bei Wallpach Als umfassender Anbieter im Bereich der Stanzbiegetechnik haben wir unsere Kompetenzen strategisch erweitert und uns umfangreiches Fachwissen im Drahtbiegen angeeignet. Diese Spezialisierung erm\u00f6glicht es uns, Drahtmaterialien bis zu einem Durchmesser von 3 mm pr\u00e4zise zu bearbeiten. Unser hauseigener Werkzeugbau ist dabei der Schl\u00fcssel zu einer schnellen und pr\u00e4zisen&hellip;","protected":false},"author":2,"featured_media":0,"parent":0,"menu_order":0,"comment_status":"closed","ping_status":"closed","template":"","meta":{"footnotes":""},"class_list":["post-1024","page","type-page","status-publish","hentry"],"yoast_head":"<!-- This site is optimized with the Yoast SEO plugin v24.7 - https:\/\/yoast.com\/wordpress\/plugins\/seo\/ -->\n<title>Wallpach | Drahtbiegen. Perfektion in Metall.<\/title>\n<meta name=\"description\" content=\"Hauseigener Werkzeugbau &amp; Anlaufstelle f\u00fcr Drahtbiegen. Der Gesamtanbieter in der Stanzbiegetechnik in Ihrer N\u00e4he, aus dem Salzburger Land.\" \/>\n<meta name=\"robots\" content=\"index, follow, max-snippet:-1, max-image-preview:large, max-video-preview:-1\" \/>\n<link rel=\"canonical\" href=\"https:\/\/www.wallpach.at\/en\/drahtbiegen\/\" \/>\n<meta property=\"og:locale\" content=\"en_US\" \/>\n<meta property=\"og:type\" content=\"article\" \/>\n<meta property=\"og:title\" content=\"Wallpach | Drahtbiegen. Perfektion in Metall.\" \/>\n<meta property=\"og:description\" content=\"Hauseigener Werkzeugbau &amp; Anlaufstelle f\u00fcr Drahtbiegen. Der Gesamtanbieter in der Stanzbiegetechnik in Ihrer N\u00e4he, aus dem Salzburger Land.\" \/>\n<meta property=\"og:url\" content=\"https:\/\/www.wallpach.at\/en\/drahtbiegen\/\" \/>\n<meta property=\"og:site_name\" content=\"Wallpach\" \/>\n<meta property=\"article:modified_time\" content=\"2024-04-18T07:54:19+00:00\" \/>\n<meta name=\"twitter:card\" content=\"summary_large_image\" \/>\n<meta name=\"twitter:label1\" content=\"Est. reading time\" \/>\n\t<meta name=\"twitter:data1\" content=\"2 minutes\" \/>\n<script type=\"application\/ld+json\" class=\"yoast-schema-graph\">{\"@context\":\"https:\/\/schema.org\",\"@graph\":[{\"@type\":\"WebPage\",\"@id\":\"https:\/\/www.wallpach.at\/drahtbiegen\/\",\"url\":\"https:\/\/www.wallpach.at\/drahtbiegen\/\",\"name\":\"Wallpach | Drahtbiegen. Perfektion in Metall.\",\"isPartOf\":{\"@id\":\"https:\/\/www.wallpach.at\/#website\"},\"datePublished\":\"2022-08-24T08:57:47+00:00\",\"dateModified\":\"2024-04-18T07:54:19+00:00\",\"description\":\"Hauseigener Werkzeugbau & Anlaufstelle f\u00fcr Drahtbiegen. Der Gesamtanbieter in der Stanzbiegetechnik in Ihrer N\u00e4he, aus dem Salzburger Land.\",\"breadcrumb\":{\"@id\":\"https:\/\/www.wallpach.at\/drahtbiegen\/#breadcrumb\"},\"inLanguage\":\"en-US\",\"potentialAction\":[{\"@type\":\"ReadAction\",\"target\":[\"https:\/\/www.wallpach.at\/drahtbiegen\/\"]}]},{\"@type\":\"BreadcrumbList\",\"@id\":\"https:\/\/www.wallpach.at\/drahtbiegen\/#breadcrumb\",\"itemListElement\":[{\"@type\":\"ListItem\",\"position\":1,\"name\":\"Startseite\",\"item\":\"https:\/\/www.wallpach.at\/\"},{\"@type\":\"ListItem\",\"position\":2,\"name\":\"Drahtbiegen\"}]},{\"@type\":\"WebSite\",\"@id\":\"https:\/\/www.wallpach.at\/#website\",\"url\":\"https:\/\/www.wallpach.at\/\",\"name\":\"Wallpach\",\"description\":\"\",\"potentialAction\":[{\"@type\":\"SearchAction\",\"target\":{\"@type\":\"EntryPoint\",\"urlTemplate\":\"https:\/\/www.wallpach.at\/?s={search_term_string}\"},\"query-input\":{\"@type\":\"PropertyValueSpecification\",\"valueRequired\":true,\"valueName\":\"search_term_string\"}}],\"inLanguage\":\"en-US\"}]}<\/script>\n<!-- \/ Yoast SEO plugin. -->","yoast_head_json":{"title":"Wallpach | Drahtbiegen. Perfektion in Metall.","description":"Hauseigener Werkzeugbau & Anlaufstelle f\u00fcr Drahtbiegen. Der Gesamtanbieter in der Stanzbiegetechnik in Ihrer N\u00e4he, aus dem Salzburger Land.","robots":{"index":"index","follow":"follow","max-snippet":"max-snippet:-1","max-image-preview":"max-image-preview:large","max-video-preview":"max-video-preview:-1"},"canonical":"https:\/\/www.wallpach.at\/en\/drahtbiegen\/","og_locale":"en_US","og_type":"article","og_title":"Wallpach | Drahtbiegen. Perfektion in Metall.","og_description":"Hauseigener Werkzeugbau & Anlaufstelle f\u00fcr Drahtbiegen. Der Gesamtanbieter in der Stanzbiegetechnik in Ihrer N\u00e4he, aus dem Salzburger Land.","og_url":"https:\/\/www.wallpach.at\/en\/drahtbiegen\/","og_site_name":"Wallpach","article_modified_time":"2024-04-18T07:54:19+00:00","twitter_card":"summary_large_image","twitter_misc":{"Est. reading time":"2 minutes"},"schema":{"@context":"https:\/\/schema.org","@graph":[{"@type":"WebPage","@id":"https:\/\/www.wallpach.at\/drahtbiegen\/","url":"https:\/\/www.wallpach.at\/drahtbiegen\/","name":"Wallpach | Drahtbiegen. Perfektion in Metall.","isPartOf":{"@id":"https:\/\/www.wallpach.at\/#website"},"datePublished":"2022-08-24T08:57:47+00:00","dateModified":"2024-04-18T07:54:19+00:00","description":"Hauseigener Werkzeugbau & Anlaufstelle f\u00fcr Drahtbiegen. Der Gesamtanbieter in der Stanzbiegetechnik in Ihrer N\u00e4he, aus dem Salzburger Land.","breadcrumb":{"@id":"https:\/\/www.wallpach.at\/drahtbiegen\/#breadcrumb"},"inLanguage":"en-US","potentialAction":[{"@type":"ReadAction","target":["https:\/\/www.wallpach.at\/drahtbiegen\/"]}]},{"@type":"BreadcrumbList","@id":"https:\/\/www.wallpach.at\/drahtbiegen\/#breadcrumb","itemListElement":[{"@type":"ListItem","position":1,"name":"Startseite","item":"https:\/\/www.wallpach.at\/"},{"@type":"ListItem","position":2,"name":"Drahtbiegen"}]},{"@type":"WebSite","@id":"https:\/\/www.wallpach.at\/#website","url":"https:\/\/www.wallpach.at\/","name":"Wallpach","description":"","potentialAction":[{"@type":"SearchAction","target":{"@type":"EntryPoint","urlTemplate":"https:\/\/www.wallpach.at\/?s={search_term_string}"},"query-input":{"@type":"PropertyValueSpecification","valueRequired":true,"valueName":"search_term_string"}}],"inLanguage":"en-US"}]}},"_links":{"self":[{"href":"https:\/\/www.wallpach.at\/en\/wp-json\/wp\/v2\/pages\/1024","targetHints":{"allow":["GET"]}}],"collection":[{"href":"https:\/\/www.wallpach.at\/en\/wp-json\/wp\/v2\/pages"}],"about":[{"href":"https:\/\/www.wallpach.at\/en\/wp-json\/wp\/v2\/types\/page"}],"author":[{"embeddable":true,"href":"https:\/\/www.wallpach.at\/en\/wp-json\/wp\/v2\/users\/2"}],"replies":[{"embeddable":true,"href":"https:\/\/www.wallpach.at\/en\/wp-json\/wp\/v2\/comments?post=1024"}],"version-history":[{"count":42,"href":"https:\/\/www.wallpach.at\/en\/wp-json\/wp\/v2\/pages\/1024\/revisions"}],"predecessor-version":[{"id":2197,"href":"https:\/\/www.wallpach.at\/en\/wp-json\/wp\/v2\/pages\/1024\/revisions\/2197"}],"wp:attachment":[{"href":"https:\/\/www.wallpach.at\/en\/wp-json\/wp\/v2\/media?parent=1024"}],"curies":[{"name":"wp","href":"https:\/\/api.w.org\/{rel}","templated":true}]}}