{"id":1026,"date":"2022-08-24T08:58:23","date_gmt":"2022-08-24T08:58:23","guid":{"rendered":"https:\/\/wallpach.web11.mehrdafon.com\/?page_id=1026"},"modified":"2024-04-18T07:55:42","modified_gmt":"2024-04-18T07:55:42","slug":"gleitschleifen","status":"publish","type":"page","link":"https:\/\/www.wallpach.at\/en\/gleitschleifen\/","title":{"rendered":"Gleitschleifen"},"content":{"rendered":"<div class=\"row wpb_row row-fluid no-row-padding full-width-row no-column-padding thb-overlay-enabled vc_custom_1713360564440 row-has-fill row-o-content-middle row-flex\"><div class=\"wpb_column columns medium-12 thb-light-column small-12\"><div class=\"vc_column-inner\"><div class=\"wpb_wrapper\"><\/div><\/div><\/div><div id=\"thb-row-overlay-69fa092d471b8\" class=\"thb-row-overlay\"><\/div><style>\n  \t#thb-row-overlay-69fa092d471b8 {background:rgba(0,0,0,0.45);background:linear-gradient( -135deg,rgba(0,0,0,0.45),rgba(0,0,0,0.45) ); }<\/style><\/div><div class=\"row wpb_row row-fluid mobile-col full-width-row vc_custom_1677365741858 row-has-fill\"><div class=\"wpb_column columns medium-12 thb-dark-column small-12\"><div class=\"vc_column-inner\"><div class=\"wpb_wrapper\"><div class=\"row wpb_row vc_inner row-fluid max_width\"><div class=\"wpb_column columns medium-4 thb-dark-column small-12\"><div class=\"vc_column-inner\"><div class=\"wpb_wrapper\"><\/div><\/div><\/div><div class=\"wpb_column columns medium-8 thb-dark-column small-12\"><div class=\"vc_column-inner\"><div class=\"wpb_wrapper\"><div class=\"vc_empty_space\" id=\"thb-empty-space-69fa092d47ed3\" style=\"height: 50px\" ><span class=\"vc_empty_space_inner\"><\/span><\/div>\n\n\t<div class=\"wpb_text_column wpb_content_element animation bottom-to-top  vc_custom_1712757858335\" >\n\t\t<div class=\"wpb_wrapper\">\n\t\t\t<h1 style=\"text-align: left;\">Gleitschleifen<\/h1>\n<h3 style=\"text-align: left;\">Das perfekte Finish f\u00fcr Ihre Teile<\/h3>\n\n\t\t<\/div>\n\t<\/div>\n<\/div><\/div><\/div><\/div><\/div><\/div><\/div><div class=\"wpb_column columns medium-12 thb-dark-column small-12\"><div class=\"vc_column-inner\"><div class=\"wpb_wrapper\"><div class=\"row wpb_row vc_inner row-fluid max_width\"><div class=\"wpb_column columns medium-4 thb-dark-column small-12\"><div class=\"vc_column-inner\"><div class=\"wpb_wrapper\">\t<div id=\"thb-image-69fa092d4866c\" class=\"caption-style1  alignleft   thb_image_link wp-caption\">\n\t\t\t<div class=\"thb-image-inner size_100\">\n\t\t\t<img decoding=\"async\" class=\"thb_image\" src=\"https:\/\/www.wallpach.at\/wp-content\/uploads\/2022\/09\/gleitstreifen-uebersicht-400x300.jpg\" width=\"400\" height=\"300\" alt=\"gleitstreifen-uebersicht\" title=\"gleitstreifen-uebersicht\" loading=\"lazy\" \/>\t\t\t\t\t<\/div>\n\t\t\t\t\t<\/div>\n\t<\/div><\/div><\/div><div class=\"wpb_column columns medium-8 thb-dark-column small-12\"><div class=\"vc_column-inner\"><div class=\"wpb_wrapper\">\n\t<div class=\"wpb_text_column wpb_content_element animation fade-in\" >\n\t\t<div class=\"wpb_wrapper\">\n\t\t\t<p>Ein makelloses Finish ist entscheidend f\u00fcr die Qualit\u00e4t und Funktionalit\u00e4t Ihrer Produkte. Deshalb bietet Wallpach individuell angepasste L\u00f6sungen f\u00fcr die Oberfl\u00e4chenbehandlung an, um Ihren Teilen das optimale Aussehen und die gew\u00fcnschte Beschaffenheit zu verleihen. Wir entfernen Grate und Unregelm\u00e4\u00dfigkeiten pr\u00e4zise und effektiv, wobei unsere breit gef\u00e4cherte Palette an Gleitschleifanlagen f\u00fcr nahezu jede Anforderung ausgestattet ist. Als angenehmer Zusatzeffekt sorgt der Gleitschleifprozess gleichzeitig f\u00fcr eine gr\u00fcndliche Entfettung Ihrer Teile.<\/p>\n<p><strong>Unser Service im Detail:<\/strong><\/p>\n<ul>\n<li><strong>Materialvielfalt:<\/strong> Wir bearbeiten fast alle Materialtypen und bieten Ihnen dadurch h\u00f6chste Flexibilit\u00e4t.<\/li>\n<li><strong>Anpassungsf\u00e4hige Methoden:<\/strong> Durch den Einsatz unterschiedlichster Schleifk\u00f6rper und Verfahren passen wir den Prozess exakt an die Bed\u00fcrfnisse Ihrer Teile an.<\/li>\n<li><strong>Kundenorientiertes Arbeiten:<\/strong> Jedes Teil wird individuell betrachtet, um das bestm\u00f6gliche Schleifergebnis zu gew\u00e4hrleisten.<\/li>\n<\/ul>\n<p>Entscheiden Sie sich f\u00fcr Wallpach, um Ihren Produkten nicht nur ein \u00e4sthetisch ansprechendes, sondern auch funktionell optimiertes Finish zu verleihen. Nehmen Sie Kontakt auf, um mehr \u00fcber unsere ma\u00dfgeschneiderten Oberfl\u00e4chenbehandlungen zu erfahren.<\/p>\n\n\t\t<\/div>\n\t<\/div>\n<\/div><\/div><\/div><\/div><\/div><\/div><\/div><\/div><div class=\"row wpb_row row-fluid align-center text-center vc_custom_1656841364224\"><div class=\"wpb_column columns medium-12 large-7 medium-10 thb-dark-column small-12\"><div class=\"vc_column-inner\"><div class=\"wpb_wrapper\">\n\t<div class=\"wpb_text_column wpb_content_element animation bottom-to-top\" >\n\t\t<div class=\"wpb_wrapper\">\n\t\t\t<h1>Wir sind f\u00fcr Sie da<\/h1>\n\n\t\t<\/div>\n\t<\/div>\n\n\t<div class=\"wpb_text_column wpb_content_element animation bottom-to-top\" >\n\t\t<div class=\"wpb_wrapper\">\n\t\t\t<p>Sie ben\u00f6tigen mehr Informationen? Sie haben eine Frage? Sie m\u00f6chten ein individuelles Angebot? Dann melden Sie sich doch telefonisch, per Mail oder nutzen Sie gleich unser praktisches Anfrageformular, ich berate Sie gerne.<\/p>\n\n\t\t<\/div>\n\t<\/div>\n<\/div><\/div><\/div><\/div><div class=\"row wpb_row row-fluid align-center text-center vc_custom_1656841364224\"><div class=\"wpb_column columns medium-12 large-12 medium-12 thb-dark-column small-12\"><div class=\"vc_column-inner\"><div class=\"wpb_wrapper\">\t<div id=\"thb-team-358\" class=\"thb-team-row team-light\">\n\t\t<div class=\"row style1 regular-padding\" data-columns=\"large-4\" data-pagination=\"true\" data-autoplay=\"\" data-autoplay-speed=\"4000\">\n\t\t\t\t<div class=\"thb-team-member small-12 large-4 animation bottom-to-top-3d columns member_style3\">\n\t\t<div class=\"team-container\">\n\t\t\t<img loading=\"lazy\" decoding=\"async\" width=\"332\" height=\"324\" src=\"https:\/\/www.wallpach.at\/wp-content\/uploads\/2022\/08\/g_rettenbacher.jpg\" class=\"attachment-full\" alt=\"\" title=\"g_rettenbacher\" \/>\t\t\t\t\t\t<div class=\"team-information\">\n\t\t\t\t\t\t\t\t\t<div class=\"team-title\">\n\t\t\t\t\t\t\t\t\t\t\t\t<h6 class=\"member-title\">Gerhard Rettenbacher<\/h6>\n\t\t\t\t\t\t<p class=\"job-title\">Technischer Vertrieb<\/p>\n\t\t\t\t\t\t\t\t\t\t\t<\/div>\n\t\t\t\t\t\t\t\t\t\t\t\t<div class=\"info-container\">\n\t\t\t\t\t\t\t\t\t\t\t\t<div class=\"thb-description\"><a href=\"tel:+43 6244436015\">+43 6244 436015<\/a> oder <br \/>\n<a href=\"tel:+43 6642285688\">+43 664 2285688<\/a><br \/>\n<a href=\"mailto:gerhard.rettenbacher@wallpach.at\">gerhard.rettenbacher@wallpach.at<\/a><\/div>\n\t\t\t\t\t\t\t\t\t\t\t\t\t\t\t\t\t\t\t\t\t\t\t\t\t<\/div>\n\t\t\t\t\t\t\t\t\t\t\t<\/div>\n\t\t\t\t\t<\/div>\n\t\t\t\t\t<\/div>\n\t\t\t<\/div>\n\t<\/div>\n\t<style>\n\t\t\t\t#thb-team-358 .thb-team-member:not(.member_style5) .team-information {\n\t\t\tbackground:rgba(10,10,10,0.95);background:linear-gradient( -135deg,rgba(10,10,10,0.95),rgba(10,10,10,0.95) );\t\t}\n\t\t#thb-team-358 .thb-team-member.member_style5 .team-information-hover {\n\t\t\tbackground:rgba(10,10,10,0.95);background:linear-gradient( -135deg,rgba(10,10,10,0.95),rgba(10,10,10,0.95) );\t\t}\n\t\t\t\t\t\t#thb-team-358 .member_style3:hover .team-container {\n\t\t\tbox-shadow: 0 10px 40px #ffffff;\n\t\t}\n\t\t\t<\/style>\n\t<\/div><\/div><\/div><\/div>","protected":false},"excerpt":{"rendered":"Gleitschleifen Das perfekte Finish f\u00fcr Ihre Teile Ein makelloses Finish ist entscheidend f\u00fcr die Qualit\u00e4t und Funktionalit\u00e4t Ihrer Produkte. Deshalb bietet Wallpach individuell angepasste L\u00f6sungen f\u00fcr die Oberfl\u00e4chenbehandlung an, um Ihren Teilen das optimale Aussehen und die gew\u00fcnschte Beschaffenheit zu verleihen. Wir entfernen Grate und Unregelm\u00e4\u00dfigkeiten pr\u00e4zise und effektiv, wobei unsere breit gef\u00e4cherte Palette an&hellip;","protected":false},"author":2,"featured_media":0,"parent":0,"menu_order":0,"comment_status":"closed","ping_status":"closed","template":"","meta":{"footnotes":""},"class_list":["post-1026","page","type-page","status-publish","hentry"],"yoast_head":"<!-- This site is optimized with the Yoast SEO plugin v24.7 - https:\/\/yoast.com\/wordpress\/plugins\/seo\/ -->\n<title>Wallpach | Gleitschleifen<\/title>\n<meta name=\"description\" content=\"Ma\u00dfgeschneiderte Oberfl\u00e4chenbehandlung, individuell f\u00fcr nahezu alle Materialien &amp; Anforderungen. 100% Qualit\u00e4t aus dem Salzburger Land.\" \/>\n<meta name=\"robots\" content=\"index, follow, max-snippet:-1, max-image-preview:large, max-video-preview:-1\" \/>\n<link rel=\"canonical\" href=\"https:\/\/www.wallpach.at\/en\/gleitschleifen\/\" \/>\n<meta property=\"og:locale\" content=\"en_US\" \/>\n<meta property=\"og:type\" content=\"article\" \/>\n<meta property=\"og:title\" content=\"Wallpach | Gleitschleifen\" \/>\n<meta property=\"og:description\" content=\"Ma\u00dfgeschneiderte Oberfl\u00e4chenbehandlung, individuell f\u00fcr nahezu alle Materialien &amp; Anforderungen. 100% Qualit\u00e4t aus dem Salzburger Land.\" \/>\n<meta property=\"og:url\" content=\"https:\/\/www.wallpach.at\/en\/gleitschleifen\/\" \/>\n<meta property=\"og:site_name\" content=\"Wallpach\" \/>\n<meta property=\"article:modified_time\" content=\"2024-04-18T07:55:42+00:00\" \/>\n<meta name=\"twitter:card\" content=\"summary_large_image\" \/>\n<meta name=\"twitter:label1\" content=\"Est. reading time\" \/>\n\t<meta name=\"twitter:data1\" content=\"2 minutes\" \/>\n<script type=\"application\/ld+json\" class=\"yoast-schema-graph\">{\"@context\":\"https:\/\/schema.org\",\"@graph\":[{\"@type\":\"WebPage\",\"@id\":\"https:\/\/www.wallpach.at\/gleitschleifen\/\",\"url\":\"https:\/\/www.wallpach.at\/gleitschleifen\/\",\"name\":\"Wallpach | Gleitschleifen\",\"isPartOf\":{\"@id\":\"https:\/\/www.wallpach.at\/#website\"},\"datePublished\":\"2022-08-24T08:58:23+00:00\",\"dateModified\":\"2024-04-18T07:55:42+00:00\",\"description\":\"Ma\u00dfgeschneiderte Oberfl\u00e4chenbehandlung, individuell f\u00fcr nahezu alle Materialien & Anforderungen. 100% Qualit\u00e4t aus dem Salzburger Land.\",\"breadcrumb\":{\"@id\":\"https:\/\/www.wallpach.at\/gleitschleifen\/#breadcrumb\"},\"inLanguage\":\"en-US\",\"potentialAction\":[{\"@type\":\"ReadAction\",\"target\":[\"https:\/\/www.wallpach.at\/gleitschleifen\/\"]}]},{\"@type\":\"BreadcrumbList\",\"@id\":\"https:\/\/www.wallpach.at\/gleitschleifen\/#breadcrumb\",\"itemListElement\":[{\"@type\":\"ListItem\",\"position\":1,\"name\":\"Startseite\",\"item\":\"https:\/\/www.wallpach.at\/\"},{\"@type\":\"ListItem\",\"position\":2,\"name\":\"Gleitschleifen\"}]},{\"@type\":\"WebSite\",\"@id\":\"https:\/\/www.wallpach.at\/#website\",\"url\":\"https:\/\/www.wallpach.at\/\",\"name\":\"Wallpach\",\"description\":\"\",\"potentialAction\":[{\"@type\":\"SearchAction\",\"target\":{\"@type\":\"EntryPoint\",\"urlTemplate\":\"https:\/\/www.wallpach.at\/?s={search_term_string}\"},\"query-input\":{\"@type\":\"PropertyValueSpecification\",\"valueRequired\":true,\"valueName\":\"search_term_string\"}}],\"inLanguage\":\"en-US\"}]}<\/script>\n<!-- \/ Yoast SEO plugin. -->","yoast_head_json":{"title":"Wallpach | Gleitschleifen","description":"Ma\u00dfgeschneiderte Oberfl\u00e4chenbehandlung, individuell f\u00fcr nahezu alle Materialien & Anforderungen. 100% Qualit\u00e4t aus dem Salzburger Land.","robots":{"index":"index","follow":"follow","max-snippet":"max-snippet:-1","max-image-preview":"max-image-preview:large","max-video-preview":"max-video-preview:-1"},"canonical":"https:\/\/www.wallpach.at\/en\/gleitschleifen\/","og_locale":"en_US","og_type":"article","og_title":"Wallpach | Gleitschleifen","og_description":"Ma\u00dfgeschneiderte Oberfl\u00e4chenbehandlung, individuell f\u00fcr nahezu alle Materialien & Anforderungen. 100% Qualit\u00e4t aus dem Salzburger Land.","og_url":"https:\/\/www.wallpach.at\/en\/gleitschleifen\/","og_site_name":"Wallpach","article_modified_time":"2024-04-18T07:55:42+00:00","twitter_card":"summary_large_image","twitter_misc":{"Est. reading time":"2 minutes"},"schema":{"@context":"https:\/\/schema.org","@graph":[{"@type":"WebPage","@id":"https:\/\/www.wallpach.at\/gleitschleifen\/","url":"https:\/\/www.wallpach.at\/gleitschleifen\/","name":"Wallpach | Gleitschleifen","isPartOf":{"@id":"https:\/\/www.wallpach.at\/#website"},"datePublished":"2022-08-24T08:58:23+00:00","dateModified":"2024-04-18T07:55:42+00:00","description":"Ma\u00dfgeschneiderte Oberfl\u00e4chenbehandlung, individuell f\u00fcr nahezu alle Materialien & Anforderungen. 100% Qualit\u00e4t aus dem Salzburger Land.","breadcrumb":{"@id":"https:\/\/www.wallpach.at\/gleitschleifen\/#breadcrumb"},"inLanguage":"en-US","potentialAction":[{"@type":"ReadAction","target":["https:\/\/www.wallpach.at\/gleitschleifen\/"]}]},{"@type":"BreadcrumbList","@id":"https:\/\/www.wallpach.at\/gleitschleifen\/#breadcrumb","itemListElement":[{"@type":"ListItem","position":1,"name":"Startseite","item":"https:\/\/www.wallpach.at\/"},{"@type":"ListItem","position":2,"name":"Gleitschleifen"}]},{"@type":"WebSite","@id":"https:\/\/www.wallpach.at\/#website","url":"https:\/\/www.wallpach.at\/","name":"Wallpach","description":"","potentialAction":[{"@type":"SearchAction","target":{"@type":"EntryPoint","urlTemplate":"https:\/\/www.wallpach.at\/?s={search_term_string}"},"query-input":{"@type":"PropertyValueSpecification","valueRequired":true,"valueName":"search_term_string"}}],"inLanguage":"en-US"}]}},"_links":{"self":[{"href":"https:\/\/www.wallpach.at\/en\/wp-json\/wp\/v2\/pages\/1026","targetHints":{"allow":["GET"]}}],"collection":[{"href":"https:\/\/www.wallpach.at\/en\/wp-json\/wp\/v2\/pages"}],"about":[{"href":"https:\/\/www.wallpach.at\/en\/wp-json\/wp\/v2\/types\/page"}],"author":[{"embeddable":true,"href":"https:\/\/www.wallpach.at\/en\/wp-json\/wp\/v2\/users\/2"}],"replies":[{"embeddable":true,"href":"https:\/\/www.wallpach.at\/en\/wp-json\/wp\/v2\/comments?post=1026"}],"version-history":[{"count":47,"href":"https:\/\/www.wallpach.at\/en\/wp-json\/wp\/v2\/pages\/1026\/revisions"}],"predecessor-version":[{"id":2200,"href":"https:\/\/www.wallpach.at\/en\/wp-json\/wp\/v2\/pages\/1026\/revisions\/2200"}],"wp:attachment":[{"href":"https:\/\/www.wallpach.at\/en\/wp-json\/wp\/v2\/media?parent=1026"}],"curies":[{"name":"wp","href":"https:\/\/api.w.org\/{rel}","templated":true}]}}