{"id":1028,"date":"2022-08-24T08:59:19","date_gmt":"2022-08-24T08:59:19","guid":{"rendered":"https:\/\/wallpach.web11.mehrdafon.com\/?page_id=1028"},"modified":"2025-04-01T14:13:15","modified_gmt":"2025-04-01T14:13:15","slug":"weitere-lohnarbeiten","status":"publish","type":"page","link":"https:\/\/www.wallpach.at\/en\/weitere-lohnarbeiten\/","title":{"rendered":"Weitere Lohnarbeiten"},"content":{"rendered":"<div class=\"row wpb_row row-fluid no-row-padding full-width-row no-column-padding thb-overlay-enabled vc_custom_1713360901659 row-has-fill row-o-content-middle row-flex\"><div class=\"wpb_column columns medium-12 thb-light-column small-12\"><div class=\"vc_column-inner\"><div class=\"wpb_wrapper\"><\/div><\/div><\/div><div id=\"thb-row-overlay-69fa092698c73\" class=\"thb-row-overlay\"><\/div><style>\n  \t#thb-row-overlay-69fa092698c73 {background:rgba(0,0,0,0.45);background:linear-gradient( -135deg,rgba(0,0,0,0.45),rgba(0,0,0,0.45) ); }<\/style><\/div><div class=\"row wpb_row row-fluid mobile-col full-width-row vc_custom_1677365873622 row-has-fill\"><div class=\"wpb_column columns medium-12 thb-dark-column small-12\"><div class=\"vc_column-inner\"><div class=\"wpb_wrapper\"><div class=\"vc_empty_space\" id=\"thb-empty-space-69fa09269940f\" style=\"height: 50px\" ><span class=\"vc_empty_space_inner\"><\/span><\/div>\n\n\t<div class=\"wpb_text_column wpb_content_element animation bottom-to-top  vc_custom_1714117192061\" >\n\t\t<div class=\"wpb_wrapper\">\n\t\t\t<h1 style=\"text-align: center;\">Weitere Lohnarbeiten<\/h1>\n\n\t\t<\/div>\n\t<\/div>\n<div class=\"vc_empty_space\" id=\"thb-empty-space-69fa0926997c3\" style=\"height: 20px\" ><span class=\"vc_empty_space_inner\"><\/span><\/div>\n\n\t<div class=\"wpb_text_column wpb_content_element animation fade-in\" >\n\t\t<div class=\"wpb_wrapper\">\n\t\t\t<p><strong>Sandstrahlen<br \/>\n<\/strong>Das Strahlen von Serienteilen aus verschiedenen Metallen mittels Glas- oder Keramikperlen rundet unser Portfolio ab. Mit modernster Technik sorgen wir f\u00fcr gleichm\u00e4\u00dfige Oberfl\u00e4chenstrukturen und eine perfekte Vorbereitung f\u00fcr weitere Verarbeitung. Unsere Kunden vertrauen auf unsere Effizienz und Pr\u00e4zision bei der Bearbeitung von Serienteilen.<\/p>\n<p><strong>Modellier- und Gravierarbeiten<\/strong><br \/>\nUnser Team umfasst hochqualifizierte Handwerkskunst, darunter auch einen meisterhaft ausgebildeten Graveur. Dadurch sind wir in der einzigartigen Position, spezielle Modellier- und Gravierarbeiten anzubieten, die heute nur noch selten zu finden sind. Besonders bei individuellen Designs f\u00fcr Kn\u00f6pfe, Schlie\u00dfen, Schnallen, Abzeichen und Medaillen garantieren wir eine schnelle und professionelle Realisierung Ihrer Vision.<\/p>\n<p><strong>Pr\u00e4zision durch Erodieren<\/strong><br \/>\nDas Draht- und Senkerodieren hat sich als Schl\u00fcsselkompetenz etabliert, insbesondere f\u00fcr die Anfertigung von pr\u00e4zisen Werkzeugteilen. Unsere Kunden sch\u00e4tzen die Flexibilit\u00e4t und Pr\u00e4zision von Wallpach in diesem Bereich sehr und verlassen sich auf unsere Expertise bei der Fertigung von Einzelteilen oder kleinen Serien nach Ma\u00df.<\/p>\n<p><strong>Dauerhafte Kennzeichnung durch Laserbeschriftung<\/strong><br \/>\nUnser Lasermarkiersystem bietet Ihnen die M\u00f6glichkeit, Teile und Kleinserien mit einer dauerhaften, pr\u00e4zisen Beschriftung zu versehen. Ob Unternehmenslogos oder individuelle Markierungen \u2013 wir verleihen Ihren Produkten Identit\u00e4t und Qualit\u00e4t.<\/p>\n<p><strong>Traditionelle Veredelungstechniken<\/strong><br \/>\nDas Bemalen, Emaillieren und Zaponieren ist eine Kunst f\u00fcr sich. Wallpach h\u00e4lt diese traditionellen Techniken f\u00fcr die Veredelung von Produkten wie Kn\u00f6pfe und Broschen lebendig. Gerne bieten wir Ihnen diese spezialisierten Dienstleistungen auch f\u00fcr Ihre Produkte an.<\/p>\n<p><strong>Professionelle Teilereinigung<\/strong><br \/>\nWir sorgen f\u00fcr saubere Ergebnisse: Unsere Waschanlage steht bereit, um Ihre Teile effizient von Fertigungsr\u00fcckst\u00e4nden zu befreien, sodass sie im n\u00e4chsten Produktionsschritt perfekt verarbeitet werden k\u00f6nnen.<\/p>\n<p><strong>Zusatzleistungen nach Bedarf<\/strong><br \/>\nWallpach geht \u00fcber das \u00dcbliche hinaus. Ob Baugruppenvormontage, Verpackungsdienstleistungen, Sortierarbeiten oder optisch taktile Messarbeiten \u2013 wir sind bereit, auf Ihre speziellen Anfragen einzugehen und ma\u00dfgeschneiderte L\u00f6sungen zu bieten.<\/p>\n<p>Bei Wallpach stehen Ihre individuellen Anforderungen im Mittelpunkt. Kontaktieren Sie uns, um zu erfahren, wie wir Ihr Projekt mit handwerklicher Pr\u00e4zision und traditioneller Sorgfalt zum Erfolg f\u00fchren k\u00f6nnen.<\/p>\n\n\t\t<\/div>\n\t<\/div>\n<\/div><\/div><\/div><\/div><div class=\"row wpb_row row-fluid align-center text-center vc_custom_1656841364224\"><div class=\"wpb_column columns medium-12 large-7 medium-10 thb-dark-column small-12\"><div class=\"vc_column-inner\"><div class=\"wpb_wrapper\">\n\t<div class=\"wpb_text_column wpb_content_element animation bottom-to-top\" >\n\t\t<div class=\"wpb_wrapper\">\n\t\t\t<h1>Wir sind f\u00fcr Sie da<\/h1>\n\n\t\t<\/div>\n\t<\/div>\n\n\t<div class=\"wpb_text_column wpb_content_element animation bottom-to-top\" >\n\t\t<div class=\"wpb_wrapper\">\n\t\t\t<p>Sie ben\u00f6tigen mehr Informationen? Sie haben eine Frage? Sie m\u00f6chten ein individuelles Angebot? Dann melden Sie sich doch telefonisch, per Mail oder nutzen Sie gleich unser praktisches Anfrageformular, ich berate Sie gerne.<\/p>\n\n\t\t<\/div>\n\t<\/div>\n<\/div><\/div><\/div><\/div><div class=\"row wpb_row row-fluid align-center text-center vc_custom_1656841364224\"><div class=\"wpb_column columns medium-12 large-12 medium-12 thb-dark-column small-12\"><div class=\"vc_column-inner\"><div class=\"wpb_wrapper\">\t<div id=\"thb-team-164\" class=\"thb-team-row team-light\">\n\t\t<div class=\"row style1 regular-padding\" data-columns=\"large-4\" data-pagination=\"true\" data-autoplay=\"\" data-autoplay-speed=\"4000\">\n\t\t\t\t<div class=\"thb-team-member small-12 large-4 animation bottom-to-top-3d columns member_style3\">\n\t\t<div class=\"team-container\">\n\t\t\t<img loading=\"lazy\" decoding=\"async\" width=\"332\" height=\"324\" src=\"https:\/\/www.wallpach.at\/wp-content\/uploads\/2022\/08\/g_rettenbacher.jpg\" class=\"attachment-full\" alt=\"\" title=\"g_rettenbacher\" \/>\t\t\t\t\t\t<div class=\"team-information\">\n\t\t\t\t\t\t\t\t\t<div class=\"team-title\">\n\t\t\t\t\t\t\t\t\t\t\t\t<h6 class=\"member-title\">Gerhard Rettenbacher<\/h6>\n\t\t\t\t\t\t<p class=\"job-title\">Technischer Vertrieb<\/p>\n\t\t\t\t\t\t\t\t\t\t\t<\/div>\n\t\t\t\t\t\t\t\t\t\t\t\t<div class=\"info-container\">\n\t\t\t\t\t\t\t\t\t\t\t\t<div class=\"thb-description\"><a href=\"tel:+43 6244436015\">+43 6244 436015<\/a> oder <br \/>\n<a href=\"tel:+43 6642285688\">+43 664 2285688<\/a><br \/>\n<a href=\"mailto:gerhard.rettenbacher@wallpach.at\">gerhard.rettenbacher@wallpach.at<\/a><\/div>\n\t\t\t\t\t\t\t\t\t\t\t\t\t\t\t\t\t\t\t\t\t\t\t\t\t<\/div>\n\t\t\t\t\t\t\t\t\t\t\t<\/div>\n\t\t\t\t\t<\/div>\n\t\t\t\t\t<\/div>\n\t\t\t<\/div>\n\t<\/div>\n\t<style>\n\t\t\t\t#thb-team-164 .thb-team-member:not(.member_style5) .team-information {\n\t\t\tbackground:rgba(10,10,10,0.95);background:linear-gradient( -135deg,rgba(10,10,10,0.95),rgba(10,10,10,0.95) );\t\t}\n\t\t#thb-team-164 .thb-team-member.member_style5 .team-information-hover {\n\t\t\tbackground:rgba(10,10,10,0.95);background:linear-gradient( -135deg,rgba(10,10,10,0.95),rgba(10,10,10,0.95) );\t\t}\n\t\t\t\t\t\t#thb-team-164 .member_style3:hover .team-container {\n\t\t\tbox-shadow: 0 10px 40px #ffffff;\n\t\t}\n\t\t\t<\/style>\n\t<\/div><\/div><\/div><\/div>","protected":false},"excerpt":{"rendered":"Weitere Lohnarbeiten Sandstrahlen Das Strahlen von Serienteilen aus verschiedenen Metallen mittels Glas- oder Keramikperlen rundet unser Portfolio ab. Mit modernster Technik sorgen wir f\u00fcr gleichm\u00e4\u00dfige Oberfl\u00e4chenstrukturen und eine perfekte Vorbereitung f\u00fcr weitere Verarbeitung. Unsere Kunden vertrauen auf unsere Effizienz und Pr\u00e4zision bei der Bearbeitung von Serienteilen. Modellier- und Gravierarbeiten Unser Team umfasst hochqualifizierte Handwerkskunst, darunter&hellip;","protected":false},"author":2,"featured_media":0,"parent":0,"menu_order":0,"comment_status":"closed","ping_status":"closed","template":"","meta":{"footnotes":""},"class_list":["post-1028","page","type-page","status-publish","hentry"],"yoast_head":"<!-- This site is optimized with the Yoast SEO plugin v24.7 - https:\/\/yoast.com\/wordpress\/plugins\/seo\/ -->\n<title>Wallpach | Modellieren, Gravieren &amp; Erodieren<\/title>\n<meta name=\"description\" content=\"Metallbau- und Verarbeitung in Ihrer N\u00e4he. Gravieren, Erodieren, Beschriften, Reinigen, alles unter einem Dach. Weiteres gerne auf Anfrage.\" \/>\n<meta name=\"robots\" content=\"index, follow, max-snippet:-1, max-image-preview:large, max-video-preview:-1\" \/>\n<link rel=\"canonical\" href=\"https:\/\/www.wallpach.at\/en\/weitere-lohnarbeiten\/\" \/>\n<meta property=\"og:locale\" content=\"en_US\" \/>\n<meta property=\"og:type\" content=\"article\" \/>\n<meta property=\"og:title\" content=\"Wallpach | Modellieren, Gravieren &amp; Erodieren\" \/>\n<meta property=\"og:description\" content=\"Metallbau- und Verarbeitung in Ihrer N\u00e4he. Gravieren, Erodieren, Beschriften, Reinigen, alles unter einem Dach. Weiteres gerne auf Anfrage.\" \/>\n<meta property=\"og:url\" content=\"https:\/\/www.wallpach.at\/en\/weitere-lohnarbeiten\/\" \/>\n<meta property=\"og:site_name\" content=\"Wallpach\" \/>\n<meta property=\"article:modified_time\" content=\"2025-04-01T14:13:15+00:00\" \/>\n<meta name=\"twitter:card\" content=\"summary_large_image\" \/>\n<meta name=\"twitter:label1\" content=\"Est. reading time\" \/>\n\t<meta name=\"twitter:data1\" content=\"3 minutes\" \/>\n<script type=\"application\/ld+json\" class=\"yoast-schema-graph\">{\"@context\":\"https:\/\/schema.org\",\"@graph\":[{\"@type\":\"WebPage\",\"@id\":\"https:\/\/www.wallpach.at\/weitere-lohnarbeiten\/\",\"url\":\"https:\/\/www.wallpach.at\/weitere-lohnarbeiten\/\",\"name\":\"Wallpach | Modellieren, Gravieren & Erodieren\",\"isPartOf\":{\"@id\":\"https:\/\/www.wallpach.at\/#website\"},\"datePublished\":\"2022-08-24T08:59:19+00:00\",\"dateModified\":\"2025-04-01T14:13:15+00:00\",\"description\":\"Metallbau- und Verarbeitung in Ihrer N\u00e4he. Gravieren, Erodieren, Beschriften, Reinigen, alles unter einem Dach. Weiteres gerne auf Anfrage.\",\"breadcrumb\":{\"@id\":\"https:\/\/www.wallpach.at\/weitere-lohnarbeiten\/#breadcrumb\"},\"inLanguage\":\"en-US\",\"potentialAction\":[{\"@type\":\"ReadAction\",\"target\":[\"https:\/\/www.wallpach.at\/weitere-lohnarbeiten\/\"]}]},{\"@type\":\"BreadcrumbList\",\"@id\":\"https:\/\/www.wallpach.at\/weitere-lohnarbeiten\/#breadcrumb\",\"itemListElement\":[{\"@type\":\"ListItem\",\"position\":1,\"name\":\"Startseite\",\"item\":\"https:\/\/www.wallpach.at\/\"},{\"@type\":\"ListItem\",\"position\":2,\"name\":\"Weitere Lohnarbeiten\"}]},{\"@type\":\"WebSite\",\"@id\":\"https:\/\/www.wallpach.at\/#website\",\"url\":\"https:\/\/www.wallpach.at\/\",\"name\":\"Wallpach\",\"description\":\"\",\"potentialAction\":[{\"@type\":\"SearchAction\",\"target\":{\"@type\":\"EntryPoint\",\"urlTemplate\":\"https:\/\/www.wallpach.at\/?s={search_term_string}\"},\"query-input\":{\"@type\":\"PropertyValueSpecification\",\"valueRequired\":true,\"valueName\":\"search_term_string\"}}],\"inLanguage\":\"en-US\"}]}<\/script>\n<!-- \/ Yoast SEO plugin. -->","yoast_head_json":{"title":"Wallpach | Modellieren, Gravieren & Erodieren","description":"Metallbau- und Verarbeitung in Ihrer N\u00e4he. Gravieren, Erodieren, Beschriften, Reinigen, alles unter einem Dach. Weiteres gerne auf Anfrage.","robots":{"index":"index","follow":"follow","max-snippet":"max-snippet:-1","max-image-preview":"max-image-preview:large","max-video-preview":"max-video-preview:-1"},"canonical":"https:\/\/www.wallpach.at\/en\/weitere-lohnarbeiten\/","og_locale":"en_US","og_type":"article","og_title":"Wallpach | Modellieren, Gravieren & Erodieren","og_description":"Metallbau- und Verarbeitung in Ihrer N\u00e4he. Gravieren, Erodieren, Beschriften, Reinigen, alles unter einem Dach. Weiteres gerne auf Anfrage.","og_url":"https:\/\/www.wallpach.at\/en\/weitere-lohnarbeiten\/","og_site_name":"Wallpach","article_modified_time":"2025-04-01T14:13:15+00:00","twitter_card":"summary_large_image","twitter_misc":{"Est. reading time":"3 minutes"},"schema":{"@context":"https:\/\/schema.org","@graph":[{"@type":"WebPage","@id":"https:\/\/www.wallpach.at\/weitere-lohnarbeiten\/","url":"https:\/\/www.wallpach.at\/weitere-lohnarbeiten\/","name":"Wallpach | Modellieren, Gravieren & Erodieren","isPartOf":{"@id":"https:\/\/www.wallpach.at\/#website"},"datePublished":"2022-08-24T08:59:19+00:00","dateModified":"2025-04-01T14:13:15+00:00","description":"Metallbau- und Verarbeitung in Ihrer N\u00e4he. Gravieren, Erodieren, Beschriften, Reinigen, alles unter einem Dach. Weiteres gerne auf Anfrage.","breadcrumb":{"@id":"https:\/\/www.wallpach.at\/weitere-lohnarbeiten\/#breadcrumb"},"inLanguage":"en-US","potentialAction":[{"@type":"ReadAction","target":["https:\/\/www.wallpach.at\/weitere-lohnarbeiten\/"]}]},{"@type":"BreadcrumbList","@id":"https:\/\/www.wallpach.at\/weitere-lohnarbeiten\/#breadcrumb","itemListElement":[{"@type":"ListItem","position":1,"name":"Startseite","item":"https:\/\/www.wallpach.at\/"},{"@type":"ListItem","position":2,"name":"Weitere Lohnarbeiten"}]},{"@type":"WebSite","@id":"https:\/\/www.wallpach.at\/#website","url":"https:\/\/www.wallpach.at\/","name":"Wallpach","description":"","potentialAction":[{"@type":"SearchAction","target":{"@type":"EntryPoint","urlTemplate":"https:\/\/www.wallpach.at\/?s={search_term_string}"},"query-input":{"@type":"PropertyValueSpecification","valueRequired":true,"valueName":"search_term_string"}}],"inLanguage":"en-US"}]}},"_links":{"self":[{"href":"https:\/\/www.wallpach.at\/en\/wp-json\/wp\/v2\/pages\/1028","targetHints":{"allow":["GET"]}}],"collection":[{"href":"https:\/\/www.wallpach.at\/en\/wp-json\/wp\/v2\/pages"}],"about":[{"href":"https:\/\/www.wallpach.at\/en\/wp-json\/wp\/v2\/types\/page"}],"author":[{"embeddable":true,"href":"https:\/\/www.wallpach.at\/en\/wp-json\/wp\/v2\/users\/2"}],"replies":[{"embeddable":true,"href":"https:\/\/www.wallpach.at\/en\/wp-json\/wp\/v2\/comments?post=1028"}],"version-history":[{"count":37,"href":"https:\/\/www.wallpach.at\/en\/wp-json\/wp\/v2\/pages\/1028\/revisions"}],"predecessor-version":[{"id":2297,"href":"https:\/\/www.wallpach.at\/en\/wp-json\/wp\/v2\/pages\/1028\/revisions\/2297"}],"wp:attachment":[{"href":"https:\/\/www.wallpach.at\/en\/wp-json\/wp\/v2\/media?parent=1028"}],"curies":[{"name":"wp","href":"https:\/\/api.w.org\/{rel}","templated":true}]}}