{"id":1476,"date":"2022-11-11T07:43:54","date_gmt":"2022-11-11T07:43:54","guid":{"rendered":"https:\/\/wallpach.web11.mehrdafon.com\/?page_id=1476"},"modified":"2024-04-18T07:56:07","modified_gmt":"2024-04-18T07:56:07","slug":"job-elektriker","status":"publish","type":"page","link":"https:\/\/www.wallpach.at\/en\/job-elektriker\/","title":{"rendered":"Job Elektriker"},"content":{"rendered":"<div class=\"row wpb_row row-fluid no-row-padding full-width-row no-column-padding thb-overlay-enabled vc_custom_1668154041023 row-has-fill row-o-content-middle row-flex\"><div class=\"wpb_column columns medium-12 thb-light-column small-12\"><div class=\"vc_column-inner\"><div class=\"wpb_wrapper\"><\/div><\/div><\/div><div id=\"thb-row-overlay-69f61b1aa1547\" class=\"thb-row-overlay\"><\/div><style>\n  \t#thb-row-overlay-69f61b1aa1547 {background:rgba(0,0,0,0.45);background:linear-gradient( -135deg,rgba(0,0,0,0.45),rgba(0,0,0,0.45) ); }<\/style><\/div><div class=\"row wpb_row row-fluid align-center text-center mobile-col full-width-row vc_custom_1677414109623 row-has-fill\"><div class=\"wpb_column columns medium-12 thb-dark-column small-12\"><div class=\"vc_column-inner\"><div class=\"wpb_wrapper\">\n\t<div class=\"wpb_text_column wpb_content_element animation bottom-to-top\" >\n\t\t<div class=\"wpb_wrapper\">\n\t\t\t<h1>Elektriker (m\/w\/d)<\/h1>\n\n\t\t<\/div>\n\t<\/div>\n<\/div><\/div><\/div><\/div><div class=\"row wpb_row row-fluid mobile-col full-width-row vc_custom_1677414122980 row-has-fill\"><div class=\"wpb_column columns medium-6 thb-dark-column small-12\"><div class=\"vc_column-inner\"><div class=\"wpb_wrapper\">\t<div id=\"thb-image-69f61b1aa20ff\" class=\"caption-style1  alignleft   thb_image_link wp-caption\">\n\t\t\t<div class=\"thb-image-inner size_100\">\n\t\t\t<img loading=\"lazy\" decoding=\"async\" width=\"12501\" height=\"8334\" src=\"https:\/\/www.wallpach.at\/wp-content\/uploads\/2022\/11\/offene_stelle_elektriker.jpg\" class=\"thb_image    attachment-full\" alt=\"mitarbeiter w\u00e4hrend arbeit\" title=\"offene_stelle_elektriker\" \/>\t\t\t\t\t<\/div>\n\t\t\t\t\t<\/div>\n\t<\/div><\/div><\/div><div class=\"wpb_column columns medium-6 thb-dark-column small-12\"><div class=\"vc_column-inner\"><div class=\"wpb_wrapper\">\n\t<div class=\"wpb_text_column wpb_content_element animation fade-in\" >\n\t\t<div class=\"wpb_wrapper\">\n\t\t\t<p>Wallpach: Starker Arbeitgeber mit starken Werten.<\/p>\n<p>Seit 80 Jahren schaffen wir am Standort in Golling sichere und attraktive Arbeitspl\u00e4tze. Besonders freut uns, dass der \u00fcberwiegende Teil unseres Teams dies sch\u00e4tzt und treu zu uns und unseren Produkten steht.<\/p>\n<p>Nun suchen wir f\u00fcr die elektrotechnische Einrichtung und Wartung<br \/>\nunserer Produktionsmaschinen und Anlagen<\/p>\n<p><strong>Elektriker (M\/W\/D)<\/strong><br \/>\nVollzeit (38,5h\/Woche) oder Teilzeit (ab 20h\/Woche)<\/p>\n<p><strong>Ihre T\u00e4tigkeiten\/Ihr Arbeitsbereich<\/strong><\/p>\n<ul>\n<li>Wartung und Instandhaltung unseres Stanz- und Werkzeugbau-Maschinenparks<\/li>\n<li>Selbst\u00e4ndige Planung und Durchf\u00fchrung verpflichtender Service- und Sicherheitsarbeiten in Abstimmung mit der Produktionsleitung<\/li>\n<li>Planung und Umsetzung der Inbetriebnahme von Neuanlagen und Funktionstests<\/li>\n<li>Mitarbeit bei der Weiterentwicklung von Infrastrukturprojekten und Optimierung der Hausanlagen<\/li>\n<li>Einteilung und Durchf\u00fchrung \u00fcblicher Instandhaltungsaufgaben der Haustechnik<\/li>\n<\/ul>\n<p><strong><br \/>\nIhre Kenntnisse\/Ihre Fachkompetenzen<\/strong><\/p>\n<ul>\n<li style=\"list-style-type: none;\">\n<ul>\n<li>Abgeschlossene Ausbildung zum Elektriker, Mechatroniker oder \u00e4hnlichem Berufsfeld<\/li>\n<li>Mindestens 3 Jahre Berufserfahrung im Fachbereich, idealerweise in einem Produktionsbetrieb oder bei einem Anlagenbauer<\/li>\n<li>Eigenverantwortlichkeit, Selbst\u00e4ndigkeit und Flexibilit\u00e4t<\/li>\n<li>F\u00fchrerschein Klasse B von Vorteil<\/li>\n<\/ul>\n<\/li>\n<\/ul>\n<p><strong>Ihre Vorteile in unserem Unternehmen<\/strong><br \/>\nSie finden bei uns einen sicheren Arbeitsplatz mit eigenverantwortlichem T\u00e4tigkeitsfeld in einem kooperativen Team. Unsere Arbeitszeitplanung erm\u00f6glicht Ihnen auch bei Vollzeitbesch\u00e4ftigung ein gutes Ma\u00df am Work-Life-Balance. Zudem haben wir die M\u00f6glichkeit diese Stelle in einem Teilzeitmodell zu besetzen. Sie erreichen unseren Standort mit \u00f6ffentlichen Verkehrsmitteln oder PKW (kostenloser Parkplatz). Als weitere Sozialleistungen bieten wir Arbeitskleidung, Firmenevents und Fortbildungsm\u00f6glichkeiten. Bei fachlicher Mindestqualifikation budgetieren wir Ihren Lohn auf Vollzeitbasis mit EUR 1.826,04 netto monatlich bzw. EUR 2.566,17 brutto monatlich. Vorerfahrung und H\u00f6herqualifizierung honorieren wir und besprechen mit Ihnen im pers\u00f6nlichen Gespr\u00e4ch gerne ein attraktives Lohnangebot.<\/p>\n<p><strong>Ihre Bewerbung und Ihre Ansprechpartner<\/strong><br \/>\nBitte wenden Sie sich mit Ihrer Bewerbung schriftlich an Herrn Alexander Kaindl unter <strong><a href=\"mailto:alexander.kaindl@wallpach.at\">alexander.kaindl@wallpach.at<\/a>.<\/strong> Ihre Bewerbung behandeln wir vertraulich. Wir garantieren Ihnen innerhalb von 48 Stunden R\u00fcckmeldung und besprechen mit Ihnen den weiteren Fortgang Ihrer Bewerbung.<\/p>\n\n\t\t<\/div>\n\t<\/div>\n<\/div><\/div><\/div><\/div><div class=\"row wpb_row row-fluid mobile-col full-width-row vc_custom_1677414133761 row-has-fill\"><div class=\"wpb_column columns medium-12 thb-dark-column small-12\"><div class=\"vc_column-inner\"><div class=\"wpb_wrapper\"><div class=\"vc_empty_space\" id=\"thb-empty-space-69f61b1aa3223\" style=\"height: 70px\" ><span class=\"vc_empty_space_inner\"><\/span><\/div>\n\n\t<div class=\"wpb_text_column wpb_content_element animation bottom-to-top  vc_custom_1660055628329\" >\n\t\t<div class=\"wpb_wrapper\">\n\t\t\t<h1 style=\"text-align: center;\">Stelle dich vor<\/h1>\n\n\t\t<\/div>\n\t<\/div>\n<div class=\"vc_empty_space\" id=\"thb-empty-space-69f61b1aa347d\" style=\"height: 20px\" ><span class=\"vc_empty_space_inner\"><\/span><\/div>\n\n\t<div class=\"wpb_text_column wpb_content_element animation fade-in\" >\n\t\t<div class=\"wpb_wrapper\">\n\t\t\t<p style=\"text-align: center;\">Schicken Sie ihre aussagekr\u00e4ftige Bewerbung an <a href=\"mailto:alexander.kaindl@wallpach.at\">alexander.kaindl@wallpach.at<\/a> oder nutzen Sie einfach unser Bewerbungsformular.<\/p>\n\n\t\t<\/div>\n\t<\/div>\n<\/div><\/div><\/div><\/div><div class=\"row wpb_row row-fluid mobile-col full-width-row vc_custom_1677414144206 row-has-fill\"><div class=\"wpb_column columns medium-12 thb-dark-column small-12\"><div class=\"vc_column-inner\"><div class=\"wpb_wrapper\"><div class=\"row wpb_row vc_inner row-fluid max_width\"><div class=\"wpb_column columns medium-12 thb-dark-column small-12\"><div class=\"vc_column-inner   vc_custom_1660147147502\"><div class=\"wpb_wrapper\">\n\t<div class=\"wpb_text_column wpb_content_element   mobile-form\" >\n\t\t<div class=\"wpb_wrapper\">\n\t\t\t<p>[contact-form-7 id=&#8220;926&#8243; title=&#8220;Bewerbung&#8220;]<\/p>\n\n\t\t<\/div>\n\t<\/div>\n<\/div><\/div><\/div><\/div><\/div><\/div><\/div><\/div><div class=\"row wpb_row row-fluid align-center text-center mobile-col full-width-row vc_custom_1677414154040 row-has-fill\"><div class=\"wpb_column columns medium-12 thb-light-column small-12\"><div class=\"vc_column-inner\"><div class=\"wpb_wrapper\">\n\t<div class=\"wpb_text_column wpb_content_element animation bottom-to-top\" >\n\t\t<div class=\"wpb_wrapper\">\n\t\t\t<h1>Doch nicht das richtige?<\/h1>\n<p>Dann schicken Sie uns eine <a href=\"mailto:alexander.kaindl@wallpach.at\" target=\"_blank\" rel=\"noopener\">Initiativbewerbung<\/a> wir sind immer<br \/>\nauf der Suche nach Profis und die, die es werden wollen.<\/p>\n\n\t\t<\/div>\n\t<\/div>\n<\/div><\/div><\/div><\/div>","protected":false},"excerpt":{"rendered":"Elektriker (m\/w\/d) Wallpach: Starker Arbeitgeber mit starken Werten. Seit 80 Jahren schaffen wir am Standort in Golling sichere und attraktive Arbeitspl\u00e4tze. Besonders freut uns, dass der \u00fcberwiegende Teil unseres Teams dies sch\u00e4tzt und treu zu uns und unseren Produkten steht. Nun suchen wir f\u00fcr die elektrotechnische Einrichtung und Wartung unserer Produktionsmaschinen und Anlagen Elektriker (M\/W\/D)&hellip;","protected":false},"author":2,"featured_media":0,"parent":0,"menu_order":0,"comment_status":"closed","ping_status":"closed","template":"","meta":{"footnotes":""},"class_list":["post-1476","page","type-page","status-publish","hentry"],"yoast_head":"<!-- This site is optimized with the Yoast SEO plugin v24.7 - https:\/\/yoast.com\/wordpress\/plugins\/seo\/ -->\n<title>Job Elektriker - Wallpach<\/title>\n<meta name=\"robots\" content=\"index, follow, max-snippet:-1, max-image-preview:large, max-video-preview:-1\" \/>\n<link rel=\"canonical\" href=\"https:\/\/www.wallpach.at\/en\/job-elektriker\/\" \/>\n<meta property=\"og:locale\" content=\"en_US\" \/>\n<meta property=\"og:type\" content=\"article\" \/>\n<meta property=\"og:title\" content=\"Job Elektriker - Wallpach\" \/>\n<meta property=\"og:url\" content=\"https:\/\/www.wallpach.at\/en\/job-elektriker\/\" \/>\n<meta property=\"og:site_name\" content=\"Wallpach\" \/>\n<meta property=\"article:modified_time\" content=\"2024-04-18T07:56:07+00:00\" \/>\n<meta name=\"twitter:card\" content=\"summary_large_image\" \/>\n<meta name=\"twitter:label1\" content=\"Est. reading time\" \/>\n\t<meta name=\"twitter:data1\" content=\"3 minutes\" \/>\n<script type=\"application\/ld+json\" class=\"yoast-schema-graph\">{\"@context\":\"https:\/\/schema.org\",\"@graph\":[{\"@type\":\"WebPage\",\"@id\":\"https:\/\/www.wallpach.at\/job-elektriker\/\",\"url\":\"https:\/\/www.wallpach.at\/job-elektriker\/\",\"name\":\"Job Elektriker - Wallpach\",\"isPartOf\":{\"@id\":\"https:\/\/www.wallpach.at\/#website\"},\"datePublished\":\"2022-11-11T07:43:54+00:00\",\"dateModified\":\"2024-04-18T07:56:07+00:00\",\"breadcrumb\":{\"@id\":\"https:\/\/www.wallpach.at\/job-elektriker\/#breadcrumb\"},\"inLanguage\":\"en-US\",\"potentialAction\":[{\"@type\":\"ReadAction\",\"target\":[\"https:\/\/www.wallpach.at\/job-elektriker\/\"]}]},{\"@type\":\"BreadcrumbList\",\"@id\":\"https:\/\/www.wallpach.at\/job-elektriker\/#breadcrumb\",\"itemListElement\":[{\"@type\":\"ListItem\",\"position\":1,\"name\":\"Startseite\",\"item\":\"https:\/\/www.wallpach.at\/\"},{\"@type\":\"ListItem\",\"position\":2,\"name\":\"Job Elektriker\"}]},{\"@type\":\"WebSite\",\"@id\":\"https:\/\/www.wallpach.at\/#website\",\"url\":\"https:\/\/www.wallpach.at\/\",\"name\":\"Wallpach\",\"description\":\"\",\"potentialAction\":[{\"@type\":\"SearchAction\",\"target\":{\"@type\":\"EntryPoint\",\"urlTemplate\":\"https:\/\/www.wallpach.at\/?s={search_term_string}\"},\"query-input\":{\"@type\":\"PropertyValueSpecification\",\"valueRequired\":true,\"valueName\":\"search_term_string\"}}],\"inLanguage\":\"en-US\"}]}<\/script>\n<!-- \/ Yoast SEO plugin. -->","yoast_head_json":{"title":"Job Elektriker - Wallpach","robots":{"index":"index","follow":"follow","max-snippet":"max-snippet:-1","max-image-preview":"max-image-preview:large","max-video-preview":"max-video-preview:-1"},"canonical":"https:\/\/www.wallpach.at\/en\/job-elektriker\/","og_locale":"en_US","og_type":"article","og_title":"Job Elektriker - Wallpach","og_url":"https:\/\/www.wallpach.at\/en\/job-elektriker\/","og_site_name":"Wallpach","article_modified_time":"2024-04-18T07:56:07+00:00","twitter_card":"summary_large_image","twitter_misc":{"Est. reading time":"3 minutes"},"schema":{"@context":"https:\/\/schema.org","@graph":[{"@type":"WebPage","@id":"https:\/\/www.wallpach.at\/job-elektriker\/","url":"https:\/\/www.wallpach.at\/job-elektriker\/","name":"Job Elektriker - Wallpach","isPartOf":{"@id":"https:\/\/www.wallpach.at\/#website"},"datePublished":"2022-11-11T07:43:54+00:00","dateModified":"2024-04-18T07:56:07+00:00","breadcrumb":{"@id":"https:\/\/www.wallpach.at\/job-elektriker\/#breadcrumb"},"inLanguage":"en-US","potentialAction":[{"@type":"ReadAction","target":["https:\/\/www.wallpach.at\/job-elektriker\/"]}]},{"@type":"BreadcrumbList","@id":"https:\/\/www.wallpach.at\/job-elektriker\/#breadcrumb","itemListElement":[{"@type":"ListItem","position":1,"name":"Startseite","item":"https:\/\/www.wallpach.at\/"},{"@type":"ListItem","position":2,"name":"Job Elektriker"}]},{"@type":"WebSite","@id":"https:\/\/www.wallpach.at\/#website","url":"https:\/\/www.wallpach.at\/","name":"Wallpach","description":"","potentialAction":[{"@type":"SearchAction","target":{"@type":"EntryPoint","urlTemplate":"https:\/\/www.wallpach.at\/?s={search_term_string}"},"query-input":{"@type":"PropertyValueSpecification","valueRequired":true,"valueName":"search_term_string"}}],"inLanguage":"en-US"}]}},"_links":{"self":[{"href":"https:\/\/www.wallpach.at\/en\/wp-json\/wp\/v2\/pages\/1476","targetHints":{"allow":["GET"]}}],"collection":[{"href":"https:\/\/www.wallpach.at\/en\/wp-json\/wp\/v2\/pages"}],"about":[{"href":"https:\/\/www.wallpach.at\/en\/wp-json\/wp\/v2\/types\/page"}],"author":[{"embeddable":true,"href":"https:\/\/www.wallpach.at\/en\/wp-json\/wp\/v2\/users\/2"}],"replies":[{"embeddable":true,"href":"https:\/\/www.wallpach.at\/en\/wp-json\/wp\/v2\/comments?post=1476"}],"version-history":[{"count":27,"href":"https:\/\/www.wallpach.at\/en\/wp-json\/wp\/v2\/pages\/1476\/revisions"}],"predecessor-version":[{"id":2021,"href":"https:\/\/www.wallpach.at\/en\/wp-json\/wp\/v2\/pages\/1476\/revisions\/2021"}],"wp:attachment":[{"href":"https:\/\/www.wallpach.at\/en\/wp-json\/wp\/v2\/media?parent=1476"}],"curies":[{"name":"wp","href":"https:\/\/api.w.org\/{rel}","templated":true}]}}