{"id":1656,"date":"2023-02-14T13:26:49","date_gmt":"2023-02-14T13:26:49","guid":{"rendered":"https:\/\/wallpach.web11.mehrdafon.com\/?page_id=1656"},"modified":"2025-03-29T19:10:32","modified_gmt":"2025-03-29T19:10:32","slug":"job-lehrstelle-lehre-zum-zur-facharbeiterin-fuer-metalltechnik-werkzeugbautechnik-bei-wallpach","status":"publish","type":"page","link":"https:\/\/www.wallpach.at\/en\/job-lehrstelle-lehre-zum-zur-facharbeiterin-fuer-metalltechnik-werkzeugbautechnik-bei-wallpach\/","title":{"rendered":"Job Lehre Metalltechnik\/Werkzeugbautechnik"},"content":{"rendered":"<div class=\"row wpb_row row-fluid no-row-padding full-width-row no-column-padding thb-overlay-enabled vc_custom_1668154041023 row-has-fill row-o-content-middle row-flex\"><div class=\"wpb_column columns medium-12 thb-light-column small-12\"><div class=\"vc_column-inner\"><div class=\"wpb_wrapper\"><\/div><\/div><\/div><div id=\"thb-row-overlay-69f276774b2ed\" class=\"thb-row-overlay\"><\/div><style>\n  \t#thb-row-overlay-69f276774b2ed {background:rgba(0,0,0,0.45);background:linear-gradient( -135deg,rgba(0,0,0,0.45),rgba(0,0,0,0.45) ); }<\/style><\/div><div class=\"row wpb_row row-fluid align-center text-center mobile-col full-width-row vc_custom_1677413550629 row-has-fill\"><div class=\"wpb_column columns medium-12 thb-dark-column small-12\"><div class=\"vc_column-inner\"><div class=\"wpb_wrapper\">\n\t<div class=\"wpb_text_column wpb_content_element animation bottom-to-top  word-break\" >\n\t\t<div class=\"wpb_wrapper\">\n\t\t\t<h1>Lehre zum Facharbeiter f\u00fcr Metalltechnik\/Werkzeugbautechnik (m\/w\/d)<\/h1>\n\n\t\t<\/div>\n\t<\/div>\n<\/div><\/div><\/div><\/div><div class=\"row wpb_row row-fluid mobile-col full-width-row vc_custom_1677413561983 row-has-fill\"><div class=\"wpb_column columns medium-6 thb-dark-column small-12\"><div class=\"vc_column-inner\"><div class=\"wpb_wrapper\">\t<div id=\"thb-image-69f276774c34d\" class=\"caption-style1  alignleft   thb_image_link wp-caption\">\n\t\t\t<div class=\"thb-image-inner size_100\">\n\t\t\t<img loading=\"lazy\" decoding=\"async\" width=\"754\" height=\"570\" src=\"https:\/\/www.wallpach.at\/wp-content\/uploads\/2023\/02\/lehrstelle_wallpach.png\" class=\"thb_image    attachment-full\" alt=\"Lehrling bearbeitet Metallteil.\" title=\"lehrstelle-wallpach-lehrling\" \/>\t\t\t\t\t<\/div>\n\t\t\t\t\t<\/div>\n\t<\/div><\/div><\/div><div class=\"wpb_column columns medium-6 thb-dark-column small-12\"><div class=\"vc_column-inner\"><div class=\"wpb_wrapper\">\n\t<div class=\"wpb_text_column wpb_content_element animation fade-in\" >\n\t\t<div class=\"wpb_wrapper\">\n\t\t\t<p>Du bist technisch begabt und handwerklich geschickt? Du interessierst dich f\u00fcr den Metall- und Werkzeugbau? Dann starte deine Lehre als Metalltechniker\/Metalltechnikerin mit Modul Werkzeugbau bei Wallpach in Golling!<\/p>\n<p><strong>Wer wir sind:<\/strong><br \/>\nIn den letzten Jahrzehnten haben wir uns als zuverl\u00e4ssiger Partner f\u00fcr namhafte Kunden aus unterschiedlichsten Branchen und Regionen etabliert, wobei die Fertigung von Stanzbiegeteilen sowie der zugeh\u00f6rigen Werkzeuge den Kern unseres Angebots darstellt.<\/p>\n<p><strong>Was du als Werkzeugbautechniker bei Wallpach machst:<\/strong><br \/>\nDie Aufgaben von Metalltechniker*innen in der Werkzeugbautechnik umfassen das Anfertigen und Zusammenbauen von Schneidwerkzeugen, Stanzwerkzeugen und Formwerkzeugen oder -vorrichtungen. Du arbeitest nach technischen Pl\u00e4nen und Vorgaben, teilst die Arbeitsschritte ein und stellst die f\u00fcr die Herstellung der Werkst\u00fccke ben\u00f6tigten Ger\u00e4te, Materialien und Metalle bereit. Du bearbeitest Metalle durch Bohren, Drehen, Fr\u00e4sen, Schneiden, Schleifen, Schwei\u00dfen, Nieten, L\u00f6ten etc. und stellst auf diese Weise Werkst\u00fccke (z. B. Schneidger\u00e4te, Stanzvorrichtungen, Formwerkzeuge) her. Abschlie\u00dfend werden die Werkst\u00fccke geschliffen, poliert und gereinigt. Im Rahmen von Wartungs- und Reparaturarbeiten suchst du systematisch nach Fehlern und St\u00f6rungen und tauschst schadhafte Teile und Komponenten aus. Dabei stellst du mechanische Ersatzteile auch selbst her.<\/p>\n<p><strong>Was dich bei Wallpach erwartet:<\/strong><br \/>\nEs erwartet dich ein familiengef\u00fchrtes Unternehmen mit rund 40 Mitarbeiter*innen. Mit dem Chef per Du? Das ist bei uns selbstverst\u00e4ndlich.<br \/>\nNach deinem Lehrabschluss stehen dir im Unternehmen viele T\u00fcren offen \u2013 ob Werkzeugbau, Konstruktion, Produktion, Qualit\u00e4tsmanagement oder Verkauf: Es gibt viele Wege, zwischen denen du bei Wallpach w\u00e4hlen kannst.<br \/>\nDein Monatsbruttolohn w\u00e4hrend der Lehrzeit:<br \/>\n1. Lehrjahr: EUR 1.000,-<br \/>\n2. Lehrjahr: EUR 1.182,65<br \/>\n3. Lehrjahr: EUR 1.546,13<br \/>\n4. Lehrjahr: EUR 2.028,95<br \/>\nDar\u00fcber hinaus gibt es unter anderem: Pr\u00e4mien f\u00fcr diverse Erfolge (Geldpr\u00e4mien, F\u00fchrerschein bei gutem Erfolg), gratis Arbeitskleidung, gratis Obst, Mittagstisch\u2026 Bei Wallpach hast du au\u00dferdem an Fenstertagen automatisch frei!<br \/>\n<strong><br \/>\nWelche Fertigkeiten du mitbringen sollst:<\/strong><br \/>\nWir erwarten von dir handwerkliches Geschick, Verl\u00e4sslichkeit, Teamf\u00e4higkeit und Interesse an der Arbeit mit Metall. Alles andere bringen wir dir bei.<\/p>\n\n\t\t<\/div>\n\t<\/div>\n<\/div><\/div><\/div><\/div><div class=\"row wpb_row row-fluid mobile-col full-width-row vc_custom_1677413573127 row-has-fill\"><div class=\"wpb_column columns medium-12 thb-dark-column small-12\"><div class=\"vc_column-inner\"><div class=\"wpb_wrapper\"><div class=\"vc_empty_space\" id=\"thb-empty-space-69f276774d97b\" style=\"height: 70px\" ><span class=\"vc_empty_space_inner\"><\/span><\/div>\n\n\t<div class=\"wpb_text_column wpb_content_element animation bottom-to-top  vc_custom_1660055628329\" >\n\t\t<div class=\"wpb_wrapper\">\n\t\t\t<h1 style=\"text-align: center;\">Stelle dich vor<\/h1>\n\n\t\t<\/div>\n\t<\/div>\n<div class=\"vc_empty_space\" id=\"thb-empty-space-69f276774dcb4\" style=\"height: 20px\" ><span class=\"vc_empty_space_inner\"><\/span><\/div>\n\n\t<div class=\"wpb_text_column wpb_content_element animation fade-in\" >\n\t\t<div class=\"wpb_wrapper\">\n\t\t\t<p style=\"text-align: center;\">Schicken Sie ihre aussagekr\u00e4ftige Bewerbung an <a href=\"mailto:alexander.kaindl@wallpach.at\">alexander.kaindl@wallpach.at<\/a> oder nutzen Sie einfach unser Bewerbungsformular.<\/p>\n\n\t\t<\/div>\n\t<\/div>\n<\/div><\/div><\/div><\/div><div class=\"row wpb_row row-fluid mobile-col full-width-row vc_custom_1677413669111 row-has-fill\"><div class=\"wpb_column columns medium-12 thb-dark-column small-12\"><div class=\"vc_column-inner\"><div class=\"wpb_wrapper\"><div class=\"row wpb_row vc_inner row-fluid max_width mobile-form\"><div class=\"wpb_column columns medium-12 thb-dark-column small-12\"><div class=\"vc_column-inner   vc_custom_1660147147502\"><div class=\"wpb_wrapper\">\n\t<div class=\"wpb_raw_code wpb_content_element wpb_raw_html\" >\n\t\t<div class=\"wpb_wrapper\">\n\t\t\t<script src=\"https:\/\/forms.service-portal.at\/frm_embed\/wallpach-Bewerbung\"><\/script>\n\t\t<\/div>\n\t<\/div>\n<\/div><\/div><\/div><\/div><\/div><\/div><\/div><\/div><div class=\"row wpb_row row-fluid align-center text-center mobile-col full-width-row vc_custom_1677413687013 row-has-fill\"><div class=\"wpb_column columns medium-12 thb-light-column small-12\"><div class=\"vc_column-inner\"><div class=\"wpb_wrapper\">\n\t<div class=\"wpb_text_column wpb_content_element animation bottom-to-top\" >\n\t\t<div class=\"wpb_wrapper\">\n\t\t\t<h1>Doch nicht das richtige?<\/h1>\n<p>Dann schicken Sie uns eine <a href=\"mailto:alexander.kaindl@wallpach.at\" target=\"_blank\" rel=\"noopener\">Initiativbewerbung<\/a> wir sind immer<br \/>\nauf der Suche nach Profis und die, die es werden wollen.<\/p>\n\n\t\t<\/div>\n\t<\/div>\n<\/div><\/div><\/div><\/div>","protected":false},"excerpt":{"rendered":"Lehre zum Facharbeiter f\u00fcr Metalltechnik\/Werkzeugbautechnik (m\/w\/d) Du bist technisch begabt und handwerklich geschickt? Du interessierst dich f\u00fcr den Metall- und Werkzeugbau? Dann starte deine Lehre als Metalltechniker\/Metalltechnikerin mit Modul Werkzeugbau bei Wallpach in Golling! Wer wir sind: In den letzten Jahrzehnten haben wir uns als zuverl\u00e4ssiger Partner f\u00fcr namhafte Kunden aus unterschiedlichsten Branchen und Regionen&hellip;","protected":false},"author":2,"featured_media":0,"parent":0,"menu_order":0,"comment_status":"closed","ping_status":"closed","template":"","meta":{"footnotes":""},"class_list":["post-1656","page","type-page","status-publish","hentry"],"yoast_head":"<!-- This site is optimized with the Yoast SEO plugin v24.7 - https:\/\/yoast.com\/wordpress\/plugins\/seo\/ -->\n<title>Job Lehre Metalltechnik\/Werkzeugbautechnik - Wallpach<\/title>\n<meta name=\"robots\" content=\"index, follow, max-snippet:-1, max-image-preview:large, max-video-preview:-1\" \/>\n<link rel=\"canonical\" href=\"https:\/\/www.wallpach.at\/en\/job-lehrstelle-lehre-zum-zur-facharbeiterin-fuer-metalltechnik-werkzeugbautechnik-bei-wallpach\/\" \/>\n<meta property=\"og:locale\" content=\"en_US\" \/>\n<meta property=\"og:type\" content=\"article\" \/>\n<meta property=\"og:title\" content=\"Job Lehre Metalltechnik\/Werkzeugbautechnik - Wallpach\" \/>\n<meta property=\"og:url\" content=\"https:\/\/www.wallpach.at\/en\/job-lehrstelle-lehre-zum-zur-facharbeiterin-fuer-metalltechnik-werkzeugbautechnik-bei-wallpach\/\" \/>\n<meta property=\"og:site_name\" content=\"Wallpach\" \/>\n<meta property=\"article:modified_time\" content=\"2025-03-29T19:10:32+00:00\" \/>\n<meta name=\"twitter:card\" content=\"summary_large_image\" \/>\n<meta name=\"twitter:label1\" content=\"Est. reading time\" \/>\n\t<meta name=\"twitter:data1\" content=\"3 minutes\" \/>\n<script type=\"application\/ld+json\" class=\"yoast-schema-graph\">{\"@context\":\"https:\/\/schema.org\",\"@graph\":[{\"@type\":\"WebPage\",\"@id\":\"https:\/\/www.wallpach.at\/job-lehrstelle-lehre-zum-zur-facharbeiterin-fuer-metalltechnik-werkzeugbautechnik-bei-wallpach\/\",\"url\":\"https:\/\/www.wallpach.at\/job-lehrstelle-lehre-zum-zur-facharbeiterin-fuer-metalltechnik-werkzeugbautechnik-bei-wallpach\/\",\"name\":\"Job Lehre Metalltechnik\/Werkzeugbautechnik - Wallpach\",\"isPartOf\":{\"@id\":\"https:\/\/www.wallpach.at\/#website\"},\"datePublished\":\"2023-02-14T13:26:49+00:00\",\"dateModified\":\"2025-03-29T19:10:32+00:00\",\"breadcrumb\":{\"@id\":\"https:\/\/www.wallpach.at\/job-lehrstelle-lehre-zum-zur-facharbeiterin-fuer-metalltechnik-werkzeugbautechnik-bei-wallpach\/#breadcrumb\"},\"inLanguage\":\"en-US\",\"potentialAction\":[{\"@type\":\"ReadAction\",\"target\":[\"https:\/\/www.wallpach.at\/job-lehrstelle-lehre-zum-zur-facharbeiterin-fuer-metalltechnik-werkzeugbautechnik-bei-wallpach\/\"]}]},{\"@type\":\"BreadcrumbList\",\"@id\":\"https:\/\/www.wallpach.at\/job-lehrstelle-lehre-zum-zur-facharbeiterin-fuer-metalltechnik-werkzeugbautechnik-bei-wallpach\/#breadcrumb\",\"itemListElement\":[{\"@type\":\"ListItem\",\"position\":1,\"name\":\"Startseite\",\"item\":\"https:\/\/www.wallpach.at\/\"},{\"@type\":\"ListItem\",\"position\":2,\"name\":\"Job Lehre Metalltechnik\/Werkzeugbautechnik\"}]},{\"@type\":\"WebSite\",\"@id\":\"https:\/\/www.wallpach.at\/#website\",\"url\":\"https:\/\/www.wallpach.at\/\",\"name\":\"Wallpach\",\"description\":\"\",\"potentialAction\":[{\"@type\":\"SearchAction\",\"target\":{\"@type\":\"EntryPoint\",\"urlTemplate\":\"https:\/\/www.wallpach.at\/?s={search_term_string}\"},\"query-input\":{\"@type\":\"PropertyValueSpecification\",\"valueRequired\":true,\"valueName\":\"search_term_string\"}}],\"inLanguage\":\"en-US\"}]}<\/script>\n<!-- \/ Yoast SEO plugin. -->","yoast_head_json":{"title":"Job Lehre Metalltechnik\/Werkzeugbautechnik - Wallpach","robots":{"index":"index","follow":"follow","max-snippet":"max-snippet:-1","max-image-preview":"max-image-preview:large","max-video-preview":"max-video-preview:-1"},"canonical":"https:\/\/www.wallpach.at\/en\/job-lehrstelle-lehre-zum-zur-facharbeiterin-fuer-metalltechnik-werkzeugbautechnik-bei-wallpach\/","og_locale":"en_US","og_type":"article","og_title":"Job Lehre Metalltechnik\/Werkzeugbautechnik - Wallpach","og_url":"https:\/\/www.wallpach.at\/en\/job-lehrstelle-lehre-zum-zur-facharbeiterin-fuer-metalltechnik-werkzeugbautechnik-bei-wallpach\/","og_site_name":"Wallpach","article_modified_time":"2025-03-29T19:10:32+00:00","twitter_card":"summary_large_image","twitter_misc":{"Est. reading time":"3 minutes"},"schema":{"@context":"https:\/\/schema.org","@graph":[{"@type":"WebPage","@id":"https:\/\/www.wallpach.at\/job-lehrstelle-lehre-zum-zur-facharbeiterin-fuer-metalltechnik-werkzeugbautechnik-bei-wallpach\/","url":"https:\/\/www.wallpach.at\/job-lehrstelle-lehre-zum-zur-facharbeiterin-fuer-metalltechnik-werkzeugbautechnik-bei-wallpach\/","name":"Job Lehre Metalltechnik\/Werkzeugbautechnik - Wallpach","isPartOf":{"@id":"https:\/\/www.wallpach.at\/#website"},"datePublished":"2023-02-14T13:26:49+00:00","dateModified":"2025-03-29T19:10:32+00:00","breadcrumb":{"@id":"https:\/\/www.wallpach.at\/job-lehrstelle-lehre-zum-zur-facharbeiterin-fuer-metalltechnik-werkzeugbautechnik-bei-wallpach\/#breadcrumb"},"inLanguage":"en-US","potentialAction":[{"@type":"ReadAction","target":["https:\/\/www.wallpach.at\/job-lehrstelle-lehre-zum-zur-facharbeiterin-fuer-metalltechnik-werkzeugbautechnik-bei-wallpach\/"]}]},{"@type":"BreadcrumbList","@id":"https:\/\/www.wallpach.at\/job-lehrstelle-lehre-zum-zur-facharbeiterin-fuer-metalltechnik-werkzeugbautechnik-bei-wallpach\/#breadcrumb","itemListElement":[{"@type":"ListItem","position":1,"name":"Startseite","item":"https:\/\/www.wallpach.at\/"},{"@type":"ListItem","position":2,"name":"Job Lehre Metalltechnik\/Werkzeugbautechnik"}]},{"@type":"WebSite","@id":"https:\/\/www.wallpach.at\/#website","url":"https:\/\/www.wallpach.at\/","name":"Wallpach","description":"","potentialAction":[{"@type":"SearchAction","target":{"@type":"EntryPoint","urlTemplate":"https:\/\/www.wallpach.at\/?s={search_term_string}"},"query-input":{"@type":"PropertyValueSpecification","valueRequired":true,"valueName":"search_term_string"}}],"inLanguage":"en-US"}]}},"_links":{"self":[{"href":"https:\/\/www.wallpach.at\/en\/wp-json\/wp\/v2\/pages\/1656","targetHints":{"allow":["GET"]}}],"collection":[{"href":"https:\/\/www.wallpach.at\/en\/wp-json\/wp\/v2\/pages"}],"about":[{"href":"https:\/\/www.wallpach.at\/en\/wp-json\/wp\/v2\/types\/page"}],"author":[{"embeddable":true,"href":"https:\/\/www.wallpach.at\/en\/wp-json\/wp\/v2\/users\/2"}],"replies":[{"embeddable":true,"href":"https:\/\/www.wallpach.at\/en\/wp-json\/wp\/v2\/comments?post=1656"}],"version-history":[{"count":17,"href":"https:\/\/www.wallpach.at\/en\/wp-json\/wp\/v2\/pages\/1656\/revisions"}],"predecessor-version":[{"id":2290,"href":"https:\/\/www.wallpach.at\/en\/wp-json\/wp\/v2\/pages\/1656\/revisions\/2290"}],"wp:attachment":[{"href":"https:\/\/www.wallpach.at\/en\/wp-json\/wp\/v2\/media?parent=1656"}],"curies":[{"name":"wp","href":"https:\/\/api.w.org\/{rel}","templated":true}]}}