{"id":990,"date":"2022-08-22T15:38:13","date_gmt":"2022-08-22T15:38:13","guid":{"rendered":"https:\/\/wallpach.web11.mehrdafon.com\/?page_id=990"},"modified":"2024-04-17T13:57:14","modified_gmt":"2024-04-17T13:57:14","slug":"werkzeugbau","status":"publish","type":"page","link":"https:\/\/www.wallpach.at\/en\/werkzeugbau\/","title":{"rendered":"Werkzeugbau"},"content":{"rendered":"<div class=\"row wpb_row row-fluid no-row-padding full-width-row no-column-padding thb-overlay-enabled vc_custom_1713362229435 row-has-fill row-o-content-top row-flex\"><div class=\"wpb_column columns medium-12 thb-light-column small-12\"><div class=\"vc_column-inner\"><div class=\"wpb_wrapper\"><\/div><\/div><\/div><div id=\"thb-row-overlay-69dafb14792f8\" class=\"thb-row-overlay\"><\/div><style>\n  \t#thb-row-overlay-69dafb14792f8 {background:rgba(0,0,0,0.45);background:linear-gradient( -135deg,rgba(0,0,0,0.45),rgba(0,0,0,0.45) ); }<\/style><\/div><div class=\"row wpb_row row-fluid mobile-col full-width-row vc_custom_1677365403476 row-has-fill\"><div class=\"wpb_column columns medium-12 thb-dark-column small-12\"><div class=\"vc_column-inner\"><div class=\"wpb_wrapper\"><div class=\"vc_empty_space\" id=\"thb-empty-space-69dafb14799e6\" style=\"height: 50px\" ><span class=\"vc_empty_space_inner\"><\/span><\/div>\n\n\t<div class=\"wpb_text_column wpb_content_element animation bottom-to-top  vc_custom_1712756188065\" >\n\t\t<div class=\"wpb_wrapper\">\n\t\t\t<h1 style=\"text-align: center;\">Ma\u00dfgeschneiderter Werkzeugbau<\/h1>\n\n\t\t<\/div>\n\t<\/div>\n<div class=\"vc_empty_space\" id=\"thb-empty-space-69dafb1479d25\" style=\"height: 20px\" ><span class=\"vc_empty_space_inner\"><\/span><\/div>\n\n\t<div class=\"wpb_text_column wpb_content_element animation fade-in\" >\n\t\t<div class=\"wpb_wrapper\">\n\t\t\t<p>Bei Wallpach verstehen wir die Kunst des Werkzeugbaus nicht nur als Handwerk, sondern als eine Passion, die durch 80 Jahre Erfahrung zur Perfektion gereift ist. Unser Angebot reicht von einfachen Trennwerkzeugen \u00fcber Handeinlegewerkzeuge bis hin zu hochkomplexen Folgeverbundwerkzeugen mit integrierten Gewindeschneidern. Verlassen Sie sich auf unser tiefgreifendes Know-how und unsere branchenf\u00fchrende Expertise.<\/p>\n<p>In enger Zusammenarbeit mit Ihnen entwickeln unsere Techniker individuelle L\u00f6sungen, die genau auf die Produktion Ihrer Serienteile zugeschnitten sind. Unser in-house Werkzeugbau bringt diese L\u00f6sungen nicht nur schnell und effizient zur Realit\u00e4t, sondern garantiert auch deren kontinuierliche, fachgerechte Instandhaltung. Selbst f\u00fcr nachtr\u00e4gliche Anpassungen sind wir bestens ger\u00fcstet.<\/p>\n<p>Dar\u00fcber hinaus bieten wir unsere Expertise auch f\u00fcr Selbst-Stanzer als reine Werkzeuglohnfertigung an. So unterst\u00fctzen wir Ihre Projekte mit flexibler und pr\u00e4ziser Fertigung nach Ma\u00df.<\/p>\n<p><strong>Ihre Vorteile auf einen Blick:<\/strong><\/p>\n<ul>\n<li><strong>Alles aus einer Hand:<\/strong> Unser umfassendes Leistungsspektrum deckt jede Phase Ihres Projekts ab.<\/li>\n<li><strong>Acht Jahrzehnte an Erfahrung:<\/strong> Vertrauen Sie auf die geballte Kompetenz und die erprobten F\u00e4higkeiten unseres Teams.<br \/>\nMa\u00dfgeschneiderte L\u00f6sungen: Individuell, flexibel und schnell \u2013 Wir passen uns Ihren Bed\u00fcrfnissen an.<\/li>\n<li><strong>Innovation und Vielfalt:<\/strong> Unsere L\u00f6sungen zeichnen sich durch Intelligenz und Variantenreichtum aus.<br \/>\nBei Wallpach finden Sie nicht nur einen Dienstleister, sondern einen Partner, der mit Ihnen gemeinsam die optimale L\u00f6sung f\u00fcr Ihr Projekt realisiert. Vertrauen Sie auf unsere Erfahrung, unser Engagement und unsere Innovationskraft, um Ihr Vorhaben zum Erfolg zu f\u00fchren.<\/li>\n<\/ul>\n\n\t\t<\/div>\n\t<\/div>\n<\/div><\/div><\/div><\/div><div class=\"row wpb_row row-fluid no-row-padding full-width-row no-column-padding vc_custom_1660052224889 row-has-fill\"><div class=\"wpb_column columns medium-12 thb-dark-column small-12\"><div class=\"vc_column-inner\"><div class=\"wpb_wrapper\">\t<div id=\"thb-freescroll-679\" class=\"thb-freescroll  mini-padding thb-adaptive-height thb-freescroll-images\" data-direction=\"thb-right-to-left\" data-pause=\"\">\n\t\t\n\t\t\t\t\t<figure class=\"small-12 thb-5 columns\">\n\t\t\t\t\t\t\t\t\t\t<img loading=\"lazy\" decoding=\"async\" width=\"255\" height=\"436\" src=\"https:\/\/www.wallpach.at\/wp-content\/uploads\/2022\/08\/werkzeug1.png\" class=\"\" alt=\"\" srcset=\"https:\/\/www.wallpach.at\/wp-content\/uploads\/2022\/08\/werkzeug1.png 255w, https:\/\/www.wallpach.at\/wp-content\/uploads\/2022\/08\/werkzeug1-175x300.png 175w, https:\/\/www.wallpach.at\/wp-content\/uploads\/2022\/08\/werkzeug1-7x12.png 7w, https:\/\/www.wallpach.at\/wp-content\/uploads\/2022\/08\/werkzeug1-190x325.png 190w, https:\/\/www.wallpach.at\/wp-content\/uploads\/2022\/08\/werkzeug1-20x34.png 20w\" sizes=\"auto, (max-width: 255px) 100vw, 255px\" \/>\t\t\t\t\t\t\t\t\t\t<\/figure>\n\t\t\t\t\n\t\t\t\t\t<figure class=\"small-12 thb-5 columns\">\n\t\t\t\t\t\t\t\t\t\t<img loading=\"lazy\" decoding=\"async\" width=\"255\" height=\"436\" src=\"https:\/\/www.wallpach.at\/wp-content\/uploads\/2022\/08\/werkzeug2.png\" class=\"\" alt=\"\" srcset=\"https:\/\/www.wallpach.at\/wp-content\/uploads\/2022\/08\/werkzeug2.png 255w, https:\/\/www.wallpach.at\/wp-content\/uploads\/2022\/08\/werkzeug2-175x300.png 175w, https:\/\/www.wallpach.at\/wp-content\/uploads\/2022\/08\/werkzeug2-7x12.png 7w, https:\/\/www.wallpach.at\/wp-content\/uploads\/2022\/08\/werkzeug2-190x325.png 190w, https:\/\/www.wallpach.at\/wp-content\/uploads\/2022\/08\/werkzeug2-20x34.png 20w\" sizes=\"auto, (max-width: 255px) 100vw, 255px\" \/>\t\t\t\t\t\t\t\t\t\t<\/figure>\n\t\t\t\t\n\t\t\t\t\t<figure class=\"small-12 thb-5 columns\">\n\t\t\t\t\t\t\t\t\t\t<img loading=\"lazy\" decoding=\"async\" width=\"255\" height=\"436\" src=\"https:\/\/www.wallpach.at\/wp-content\/uploads\/2022\/08\/werkzeug3.png\" class=\"\" alt=\"\" srcset=\"https:\/\/www.wallpach.at\/wp-content\/uploads\/2022\/08\/werkzeug3.png 255w, https:\/\/www.wallpach.at\/wp-content\/uploads\/2022\/08\/werkzeug3-175x300.png 175w, https:\/\/www.wallpach.at\/wp-content\/uploads\/2022\/08\/werkzeug3-7x12.png 7w, https:\/\/www.wallpach.at\/wp-content\/uploads\/2022\/08\/werkzeug3-190x325.png 190w, https:\/\/www.wallpach.at\/wp-content\/uploads\/2022\/08\/werkzeug3-20x34.png 20w\" sizes=\"auto, (max-width: 255px) 100vw, 255px\" \/>\t\t\t\t\t\t\t\t\t\t<\/figure>\n\t\t\t\t\n\t\t\t\t\t<figure class=\"small-12 thb-5 columns\">\n\t\t\t\t\t\t\t\t\t\t<img loading=\"lazy\" decoding=\"async\" width=\"255\" height=\"436\" src=\"https:\/\/www.wallpach.at\/wp-content\/uploads\/2022\/08\/werkzeug4.png\" class=\"\" alt=\"\" srcset=\"https:\/\/www.wallpach.at\/wp-content\/uploads\/2022\/08\/werkzeug4.png 255w, https:\/\/www.wallpach.at\/wp-content\/uploads\/2022\/08\/werkzeug4-175x300.png 175w, https:\/\/www.wallpach.at\/wp-content\/uploads\/2022\/08\/werkzeug4-7x12.png 7w, https:\/\/www.wallpach.at\/wp-content\/uploads\/2022\/08\/werkzeug4-190x325.png 190w, https:\/\/www.wallpach.at\/wp-content\/uploads\/2022\/08\/werkzeug4-20x34.png 20w\" sizes=\"auto, (max-width: 255px) 100vw, 255px\" \/>\t\t\t\t\t\t\t\t\t\t<\/figure>\n\t\t\t\t\n\t\t\t\t\t<figure class=\"small-12 thb-5 columns\">\n\t\t\t\t\t\t\t\t\t\t<img loading=\"lazy\" decoding=\"async\" width=\"255\" height=\"436\" src=\"https:\/\/www.wallpach.at\/wp-content\/uploads\/2022\/08\/werkzeug5.png\" class=\"\" alt=\"\" srcset=\"https:\/\/www.wallpach.at\/wp-content\/uploads\/2022\/08\/werkzeug5.png 255w, https:\/\/www.wallpach.at\/wp-content\/uploads\/2022\/08\/werkzeug5-175x300.png 175w, https:\/\/www.wallpach.at\/wp-content\/uploads\/2022\/08\/werkzeug5-7x12.png 7w, https:\/\/www.wallpach.at\/wp-content\/uploads\/2022\/08\/werkzeug5-190x325.png 190w, https:\/\/www.wallpach.at\/wp-content\/uploads\/2022\/08\/werkzeug5-20x34.png 20w\" sizes=\"auto, (max-width: 255px) 100vw, 255px\" \/>\t\t\t\t\t\t\t\t\t\t<\/figure>\n\t\t\t\t\t<\/div>\n\t<\/div><\/div><\/div><\/div><div class=\"row wpb_row row-fluid align-center text-center vc_custom_1656841364224\"><div class=\"wpb_column columns medium-12 large-7 medium-10 thb-dark-column small-12\"><div class=\"vc_column-inner\"><div class=\"wpb_wrapper\">\n\t<div class=\"wpb_text_column wpb_content_element animation bottom-to-top\" >\n\t\t<div class=\"wpb_wrapper\">\n\t\t\t<h1>Wir sind f\u00fcr Sie da<\/h1>\n\n\t\t<\/div>\n\t<\/div>\n\n\t<div class=\"wpb_text_column wpb_content_element animation bottom-to-top\" >\n\t\t<div class=\"wpb_wrapper\">\n\t\t\t<p>Sie ben\u00f6tigen mehr Informationen? Sie haben eine Frage? Sie m\u00f6chten ein individuelles Angebot? Dann melden Sie sich doch telefonisch, per Mail oder nutzen Sie gleich unser praktisches Anfrageformular, wir berate Sie gerne.<\/p>\n\n\t\t<\/div>\n\t<\/div>\n<\/div><\/div><\/div><\/div><div class=\"row wpb_row row-fluid align-center text-center vc_custom_1656841364224\"><div class=\"wpb_column columns medium-12 large-12 medium-12 thb-dark-column small-12\"><div class=\"vc_column-inner\"><div class=\"wpb_wrapper\">\t<div id=\"thb-team-914\" class=\"thb-team-row team-light\">\n\t\t<div class=\"row style1 regular-padding\" data-columns=\"large-4\" data-pagination=\"true\" data-autoplay=\"\" data-autoplay-speed=\"4000\">\n\t\t\t\t<div class=\"thb-team-member small-12 large-4 animation bottom-to-top-3d columns member_style3\">\n\t\t<div class=\"team-container\">\n\t\t\t<img loading=\"lazy\" decoding=\"async\" width=\"332\" height=\"324\" src=\"https:\/\/www.wallpach.at\/wp-content\/uploads\/2022\/08\/g_rettenbacher.jpg\" class=\"attachment-full\" alt=\"\" title=\"g_rettenbacher\" \/>\t\t\t\t\t\t<div class=\"team-information\">\n\t\t\t\t\t\t\t\t\t<div class=\"team-title\">\n\t\t\t\t\t\t\t\t\t\t\t\t<h6 class=\"member-title\">Gerhard Rettenbacher<\/h6>\n\t\t\t\t\t\t<p class=\"job-title\">Technischer Vertrieb<\/p>\n\t\t\t\t\t\t\t\t\t\t\t<\/div>\n\t\t\t\t\t\t\t\t\t\t\t\t<div class=\"info-container\">\n\t\t\t\t\t\t\t\t\t\t\t\t<div class=\"thb-description\"><a href=\"tel:+43 6244436015\">+43 6244 436015<\/a> oder <br \/>\n<a href=\"tel:+43 6642285688\">+43 664 2285688<\/a><br \/>\n<a href=\"mailto:gerhard.rettenbacher@wallpach.at\">gerhard.rettenbacher@wallpach.at<\/a><\/div>\n\t\t\t\t\t\t\t\t\t\t\t\t\t\t\t\t\t\t\t\t\t\t\t\t\t<\/div>\n\t\t\t\t\t\t\t\t\t\t\t<\/div>\n\t\t\t\t\t<\/div>\n\t\t\t\t\t<\/div>\n\t\t\t<\/div>\n\t<\/div>\n\t<style>\n\t\t\t\t#thb-team-914 .thb-team-member:not(.member_style5) .team-information {\n\t\t\tbackground:rgba(10,10,10,0.95);background:linear-gradient( -135deg,rgba(10,10,10,0.95),rgba(10,10,10,0.95) );\t\t}\n\t\t#thb-team-914 .thb-team-member.member_style5 .team-information-hover {\n\t\t\tbackground:rgba(10,10,10,0.95);background:linear-gradient( -135deg,rgba(10,10,10,0.95),rgba(10,10,10,0.95) );\t\t}\n\t\t\t\t\t\t#thb-team-914 .member_style3:hover .team-container {\n\t\t\tbox-shadow: 0 10px 40px #ffffff;\n\t\t}\n\t\t\t<\/style>\n\t<\/div><\/div><\/div><\/div>","protected":false},"excerpt":{"rendered":"Ma\u00dfgeschneiderter Werkzeugbau Bei Wallpach verstehen wir die Kunst des Werkzeugbaus nicht nur als Handwerk, sondern als eine Passion, die durch 80 Jahre Erfahrung zur Perfektion gereift ist. Unser Angebot reicht von einfachen Trennwerkzeugen \u00fcber Handeinlegewerkzeuge bis hin zu hochkomplexen Folgeverbundwerkzeugen mit integrierten Gewindeschneidern. Verlassen Sie sich auf unser tiefgreifendes Know-how und unsere branchenf\u00fchrende Expertise. In&hellip;","protected":false},"author":2,"featured_media":0,"parent":0,"menu_order":0,"comment_status":"closed","ping_status":"closed","template":"","meta":{"footnotes":""},"class_list":["post-990","page","type-page","status-publish","hentry"],"yoast_head":"<!-- This site is optimized with the Yoast SEO plugin v24.7 - https:\/\/yoast.com\/wordpress\/plugins\/seo\/ -->\n<title>Wallpach | Ihr Werkzeugbau Komplettanbieter.<\/title>\n<meta name=\"description\" content=\"Effizient &amp; Flexibel unter einem Dach. Individueller Werkzeugbau, effizient &amp; nach Ihren W\u00fcnschen. Ihr Komplettanbieter im Salzburger Land.\" \/>\n<meta name=\"robots\" content=\"index, follow, max-snippet:-1, max-image-preview:large, max-video-preview:-1\" \/>\n<link rel=\"canonical\" href=\"https:\/\/www.wallpach.at\/en\/werkzeugbau\/\" \/>\n<meta property=\"og:locale\" content=\"en_US\" \/>\n<meta property=\"og:type\" content=\"article\" \/>\n<meta property=\"og:title\" content=\"Wallpach | Ihr Werkzeugbau Komplettanbieter.\" \/>\n<meta property=\"og:description\" content=\"Effizient &amp; Flexibel unter einem Dach. Individueller Werkzeugbau, effizient &amp; nach Ihren W\u00fcnschen. Ihr Komplettanbieter im Salzburger Land.\" \/>\n<meta property=\"og:url\" content=\"https:\/\/www.wallpach.at\/en\/werkzeugbau\/\" \/>\n<meta property=\"og:site_name\" content=\"Wallpach\" \/>\n<meta property=\"article:modified_time\" content=\"2024-04-17T13:57:14+00:00\" \/>\n<meta name=\"twitter:card\" content=\"summary_large_image\" \/>\n<meta name=\"twitter:label1\" content=\"Est. reading time\" \/>\n\t<meta name=\"twitter:data1\" content=\"4 minutes\" \/>\n<script type=\"application\/ld+json\" class=\"yoast-schema-graph\">{\"@context\":\"https:\/\/schema.org\",\"@graph\":[{\"@type\":\"WebPage\",\"@id\":\"https:\/\/www.wallpach.at\/werkzeugbau\/\",\"url\":\"https:\/\/www.wallpach.at\/werkzeugbau\/\",\"name\":\"Wallpach | Ihr Werkzeugbau Komplettanbieter.\",\"isPartOf\":{\"@id\":\"https:\/\/www.wallpach.at\/#website\"},\"datePublished\":\"2022-08-22T15:38:13+00:00\",\"dateModified\":\"2024-04-17T13:57:14+00:00\",\"description\":\"Effizient & Flexibel unter einem Dach. Individueller Werkzeugbau, effizient & nach Ihren W\u00fcnschen. Ihr Komplettanbieter im Salzburger Land.\",\"breadcrumb\":{\"@id\":\"https:\/\/www.wallpach.at\/werkzeugbau\/#breadcrumb\"},\"inLanguage\":\"en-US\",\"potentialAction\":[{\"@type\":\"ReadAction\",\"target\":[\"https:\/\/www.wallpach.at\/werkzeugbau\/\"]}]},{\"@type\":\"BreadcrumbList\",\"@id\":\"https:\/\/www.wallpach.at\/werkzeugbau\/#breadcrumb\",\"itemListElement\":[{\"@type\":\"ListItem\",\"position\":1,\"name\":\"Startseite\",\"item\":\"https:\/\/www.wallpach.at\/\"},{\"@type\":\"ListItem\",\"position\":2,\"name\":\"Werkzeugbau\"}]},{\"@type\":\"WebSite\",\"@id\":\"https:\/\/www.wallpach.at\/#website\",\"url\":\"https:\/\/www.wallpach.at\/\",\"name\":\"Wallpach\",\"description\":\"\",\"potentialAction\":[{\"@type\":\"SearchAction\",\"target\":{\"@type\":\"EntryPoint\",\"urlTemplate\":\"https:\/\/www.wallpach.at\/?s={search_term_string}\"},\"query-input\":{\"@type\":\"PropertyValueSpecification\",\"valueRequired\":true,\"valueName\":\"search_term_string\"}}],\"inLanguage\":\"en-US\"}]}<\/script>\n<!-- \/ Yoast SEO plugin. -->","yoast_head_json":{"title":"Wallpach | Ihr Werkzeugbau Komplettanbieter.","description":"Effizient & Flexibel unter einem Dach. Individueller Werkzeugbau, effizient & nach Ihren W\u00fcnschen. Ihr Komplettanbieter im Salzburger Land.","robots":{"index":"index","follow":"follow","max-snippet":"max-snippet:-1","max-image-preview":"max-image-preview:large","max-video-preview":"max-video-preview:-1"},"canonical":"https:\/\/www.wallpach.at\/en\/werkzeugbau\/","og_locale":"en_US","og_type":"article","og_title":"Wallpach | Ihr Werkzeugbau Komplettanbieter.","og_description":"Effizient & Flexibel unter einem Dach. Individueller Werkzeugbau, effizient & nach Ihren W\u00fcnschen. Ihr Komplettanbieter im Salzburger Land.","og_url":"https:\/\/www.wallpach.at\/en\/werkzeugbau\/","og_site_name":"Wallpach","article_modified_time":"2024-04-17T13:57:14+00:00","twitter_card":"summary_large_image","twitter_misc":{"Est. reading time":"4 minutes"},"schema":{"@context":"https:\/\/schema.org","@graph":[{"@type":"WebPage","@id":"https:\/\/www.wallpach.at\/werkzeugbau\/","url":"https:\/\/www.wallpach.at\/werkzeugbau\/","name":"Wallpach | Ihr Werkzeugbau Komplettanbieter.","isPartOf":{"@id":"https:\/\/www.wallpach.at\/#website"},"datePublished":"2022-08-22T15:38:13+00:00","dateModified":"2024-04-17T13:57:14+00:00","description":"Effizient & Flexibel unter einem Dach. Individueller Werkzeugbau, effizient & nach Ihren W\u00fcnschen. Ihr Komplettanbieter im Salzburger Land.","breadcrumb":{"@id":"https:\/\/www.wallpach.at\/werkzeugbau\/#breadcrumb"},"inLanguage":"en-US","potentialAction":[{"@type":"ReadAction","target":["https:\/\/www.wallpach.at\/werkzeugbau\/"]}]},{"@type":"BreadcrumbList","@id":"https:\/\/www.wallpach.at\/werkzeugbau\/#breadcrumb","itemListElement":[{"@type":"ListItem","position":1,"name":"Startseite","item":"https:\/\/www.wallpach.at\/"},{"@type":"ListItem","position":2,"name":"Werkzeugbau"}]},{"@type":"WebSite","@id":"https:\/\/www.wallpach.at\/#website","url":"https:\/\/www.wallpach.at\/","name":"Wallpach","description":"","potentialAction":[{"@type":"SearchAction","target":{"@type":"EntryPoint","urlTemplate":"https:\/\/www.wallpach.at\/?s={search_term_string}"},"query-input":{"@type":"PropertyValueSpecification","valueRequired":true,"valueName":"search_term_string"}}],"inLanguage":"en-US"}]}},"_links":{"self":[{"href":"https:\/\/www.wallpach.at\/en\/wp-json\/wp\/v2\/pages\/990","targetHints":{"allow":["GET"]}}],"collection":[{"href":"https:\/\/www.wallpach.at\/en\/wp-json\/wp\/v2\/pages"}],"about":[{"href":"https:\/\/www.wallpach.at\/en\/wp-json\/wp\/v2\/types\/page"}],"author":[{"embeddable":true,"href":"https:\/\/www.wallpach.at\/en\/wp-json\/wp\/v2\/users\/2"}],"replies":[{"embeddable":true,"href":"https:\/\/www.wallpach.at\/en\/wp-json\/wp\/v2\/comments?post=990"}],"version-history":[{"count":49,"href":"https:\/\/www.wallpach.at\/en\/wp-json\/wp\/v2\/pages\/990\/revisions"}],"predecessor-version":[{"id":2215,"href":"https:\/\/www.wallpach.at\/en\/wp-json\/wp\/v2\/pages\/990\/revisions\/2215"}],"wp:attachment":[{"href":"https:\/\/www.wallpach.at\/en\/wp-json\/wp\/v2\/media?parent=990"}],"curies":[{"name":"wp","href":"https:\/\/api.w.org\/{rel}","templated":true}]}}